{"id":11691,"date":"2025-01-30T11:06:24","date_gmt":"2025-01-30T11:06:24","guid":{"rendered":"https:\/\/metiseducation.com\/?page_id=11691"},"modified":"2025-01-31T09:51:43","modified_gmt":"2025-01-31T09:51:43","slug":"don-quijote","status":"publish","type":"page","link":"https:\/\/metiseducation.com\/es\/barcelona\/don-quijote\/","title":{"rendered":"Don quijote"},"content":{"rendered":"<div data-elementor-type=\"wp-page\" data-elementor-id=\"11691\" class=\"elementor elementor-11691\" data-elementor-post-type=\"page\">\n\t\t\t\t<div class=\"elementor-element elementor-element-72096cd gradient-color e-flex e-con-boxed e-con e-parent\" data-id=\"72096cd\" data-element_type=\"container\" data-settings=\"{&quot;wcf_enable_cursor_hover_effect_text&quot;:&quot;View&quot;,&quot;background_background&quot;:&quot;classic&quot;,&quot;wcf-animation&quot;:&quot;none&quot;,&quot;wcf_pin_breakpoint&quot;:&quot;mobile&quot;}\">\n\t\t\t\t\t<div class=\"e-con-inner\">\n\t\t\t\t<div class=\"elementor-element elementor-element-99df643 wcf-t-animation-none elementor-widget elementor-widget-heading\" data-id=\"99df643\" data-element_type=\"widget\" data-settings=\"{&quot;wcf_text_animation&quot;:&quot;none&quot;,&quot;wcf-animation&quot;:&quot;none&quot;}\" data-widget_type=\"heading.default\">\n\t\t\t\t<div class=\"elementor-widget-container\">\n\t\t\t\t\t<h2 class=\"elementor-heading-title elementor-size-default\">Don quijote<\/h2>\t\t\t\t<\/div>\n\t\t\t\t<\/div>\n\t\t\t\t<div class=\"elementor-element elementor-element-376b1a6 wcf-t-animation-none elementor-widget elementor-widget-heading\" data-id=\"376b1a6\" data-element_type=\"widget\" data-settings=\"{&quot;wcf_text_animation&quot;:&quot;none&quot;,&quot;wcf-animation&quot;:&quot;none&quot;}\" data-widget_type=\"heading.default\">\n\t\t\t\t<div class=\"elementor-widget-container\">\n\t\t\t\t\t<h2 class=\"elementor-heading-title elementor-size-default\">Don Quijote se fund\u00f3 en la d\u00e9cada de 1980 y lleva casi 40 a\u00f1os ense\u00f1ando. Cuenta con 32 centros de ense\u00f1anza en Espa\u00f1a y Am\u00e9rica Latina. Cada a\u00f1o, m\u00e1s de 15.000 estudiantes de todo el mundo reciben clases de espa\u00f1ol. Como escuela de idiomas con m\u00e1s de 30 a\u00f1os de experiencia en la ense\u00f1anza del espa\u00f1ol y una reputaci\u00f3n internacional, el control de los alumnos es estricto y los estudiantes tienen un alto nivel de competencia al final de sus estudios. La escuela tiene sedes en las siguientes ciudades de Espa\u00f1a: Madrid, Barcelona, Valencia, Salamanca y Tenerife. Es posible cambiar de campus en cada ciudad.<\/h2>\t\t\t\t<\/div>\n\t\t\t\t<\/div>\n\t\t\t\t\t<\/div>\n\t\t\t\t<\/div>\n\t\t<div class=\"elementor-element elementor-element-01b7dce e-grid gradient-color e-con-boxed e-con e-parent\" data-id=\"01b7dce\" data-element_type=\"container\" data-settings=\"{&quot;wcf_enable_cursor_hover_effect_text&quot;:&quot;View&quot;,&quot;wcf-animation&quot;:&quot;none&quot;,&quot;wcf_pin_breakpoint&quot;:&quot;mobile&quot;}\">\n\t\t\t\t\t<div class=\"e-con-inner\">\n\t\t\t\t<div class=\"elementor-element elementor-element-d43a3d8 elementor-widget elementor-widget-image\" data-id=\"d43a3d8\" data-element_type=\"widget\" data-settings=\"{&quot;wcf-image-animation&quot;:&quot;none&quot;,&quot;wcf-animation&quot;:&quot;none&quot;}\" data-widget_type=\"image.default\">\n\t\t\t\t<div class=\"elementor-widget-container\">\n\t\t\t\t\t\t\t\t\t\t\t\t\t\t\t<img fetchpriority=\"high\" decoding=\"async\" width=\"800\" height=\"600\" src=\"https:\/\/metiseducation.com\/wp-content\/uploads\/2025\/01\/2025-01-21-1024x768.jpg\" class=\"attachment-large size-large wp-image-11915\" alt=\"\" srcset=\"https:\/\/metiseducation.com\/wp-content\/uploads\/2025\/01\/2025-01-21-1024x768.jpg 1024w, https:\/\/metiseducation.com\/wp-content\/uploads\/2025\/01\/2025-01-21-300x225.jpg 300w, https:\/\/metiseducation.com\/wp-content\/uploads\/2025\/01\/2025-01-21-768x576.jpg 768w, https:\/\/metiseducation.com\/wp-content\/uploads\/2025\/01\/2025-01-21-16x12.jpg 16w, https:\/\/metiseducation.com\/wp-content\/uploads\/2025\/01\/2025-01-21.jpg 1360w\" sizes=\"(max-width: 800px) 100vw, 800px\" \/>\t\t\t\t\t\t\t\t\t\t\t\t\t\t\t<\/div>\n\t\t\t\t<\/div>\n\t\t\t\t<div class=\"elementor-element elementor-element-87b75e5 elementor-widget elementor-widget-image\" data-id=\"87b75e5\" data-element_type=\"widget\" data-settings=\"{&quot;wcf-image-animation&quot;:&quot;none&quot;,&quot;wcf-animation&quot;:&quot;none&quot;}\" data-widget_type=\"image.default\">\n\t\t\t\t<div class=\"elementor-widget-container\">\n\t\t\t\t\t\t\t\t\t\t\t\t\t\t\t<img decoding=\"async\" width=\"823\" height=\"627\" src=\"https:\/\/metiseducation.com\/wp-content\/uploads\/2025\/01\/2024-11-04-e1738316550765.jpg\" class=\"attachment-full size-full wp-image-11914\" alt=\"\" srcset=\"https:\/\/metiseducation.com\/wp-content\/uploads\/2025\/01\/2024-11-04-e1738316550765.jpg 823w, https:\/\/metiseducation.com\/wp-content\/uploads\/2025\/01\/2024-11-04-e1738316550765-300x229.jpg 300w, https:\/\/metiseducation.com\/wp-content\/uploads\/2025\/01\/2024-11-04-e1738316550765-768x585.jpg 768w, https:\/\/metiseducation.com\/wp-content\/uploads\/2025\/01\/2024-11-04-e1738316550765-16x12.jpg 16w\" sizes=\"(max-width: 823px) 100vw, 823px\" \/>\t\t\t\t\t\t\t\t\t\t\t\t\t\t\t<\/div>\n\t\t\t\t<\/div>\n\t\t\t\t\t<\/div>\n\t\t\t\t<\/div>\n\t\t<div class=\"elementor-element elementor-element-33df99f gradient-color e-flex e-con-boxed e-con e-parent\" data-id=\"33df99f\" data-element_type=\"container\" data-settings=\"{&quot;wcf_enable_cursor_hover_effect_text&quot;:&quot;View&quot;,&quot;wcf-animation&quot;:&quot;none&quot;,&quot;wcf_pin_breakpoint&quot;:&quot;mobile&quot;}\">\n\t\t\t\t\t<div class=\"e-con-inner\">\n\t\t\t\t<div class=\"elementor-element elementor-element-75179e4 wcf-t-animation-none elementor-widget elementor-widget-heading\" data-id=\"75179e4\" data-element_type=\"widget\" data-settings=\"{&quot;wcf_text_animation&quot;:&quot;none&quot;,&quot;wcf-animation&quot;:&quot;none&quot;}\" data-widget_type=\"heading.default\">\n\t\t\t\t<div class=\"elementor-widget-container\">\n\t\t\t\t\t<h2 class=\"elementor-heading-title elementor-size-default translation-block\">Inscripci\u00f3n para 2025, matr\u00edcula de m\u00e1s de 40 semanas: <br>\n\ud83d\udfe140 semanas (32 semanas de clases + 8 semanas de vacaciones):<br>\nPrecio en la p\u00e1gina oficial: 5760 \u20ac; Inscripci\u00f3n a trav\u00e9s de Metis Education con un 15% de descuento: 48xx \u20ac<br>\n\ud83d\udfe142 semanas (34 semanas de clases + 8 semanas de vacaciones):<br>\nPrecio en la p\u00e1gina oficial: 6120 \u20ac; Inscripci\u00f3n a trav\u00e9s de Metis Education con un 15% de descuento: 50xx \u20ac<br>\n\ud83d\udfe145 semanas (36 semanas de clases + 9 semanas de vacaciones):<br>\nPrecio en la p\u00e1gina oficial: 6480 \u20ac; Inscripci\u00f3n a trav\u00e9s de Metis Education con un 17% de descuento: 53xx \u20ac<br>\n\ud83d\udfe148 semanas (39 semanas de clases + 9 semanas de vacaciones):<br>\nPrecio en la p\u00e1gina oficial: 7020 \u20ac; Inscripci\u00f3n a trav\u00e9s de Metis Education con un 17% de descuento: 58xx \u20ac<br>\n\ud83d\udfe150 semanas (40 semanas de clases + 10 semanas de vacaciones):<br>\nPrecio en la p\u00e1gina oficial: 7200 \u20ac; Inscripci\u00f3n a trav\u00e9s de Metis Education con un 17% de descuento: 58xx \u20ac<br>\n\ud83d\udfe152 semanas (42 semanas de clases + 10 semanas de vacaciones):<br>\nPrecio en la p\u00e1gina oficial: 7560 \u20ac; Inscripci\u00f3n a trav\u00e9s de Metis Education con un 17% de descuento: 62xx \u20ac<br><\/h2>\t\t\t\t<\/div>\n\t\t\t\t<\/div>\n\t\t\t\t\t<\/div>\n\t\t\t\t<\/div>\n\t\t<div class=\"elementor-element elementor-element-745a492 gradient-color e-flex e-con-boxed e-con e-parent\" data-id=\"745a492\" data-element_type=\"container\" data-settings=\"{&quot;wcf_enable_cursor_hover_effect_text&quot;:&quot;View&quot;,&quot;wcf-animation&quot;:&quot;none&quot;,&quot;wcf_pin_breakpoint&quot;:&quot;mobile&quot;}\">\n\t\t\t\t\t<div class=\"e-con-inner\">\n\t\t\t\t<div class=\"elementor-element elementor-element-9574bb6 elementor-widget elementor-widget-spacer\" data-id=\"9574bb6\" data-element_type=\"widget\" data-settings=\"{&quot;wcf-animation&quot;:&quot;none&quot;}\" data-widget_type=\"spacer.default\">\n\t\t\t\t<div class=\"elementor-widget-container\">\n\t\t\t\t\t\t\t<div class=\"elementor-spacer\">\n\t\t\t<div class=\"elementor-spacer-inner\"><\/div>\n\t\t<\/div>\n\t\t\t\t\t\t<\/div>\n\t\t\t\t<\/div>\n\t\t\t\t\t<\/div>\n\t\t\t\t<\/div>\n\t\t<div class=\"elementor-element elementor-element-82a3d5f gradient-color e-flex e-con-boxed e-con e-parent\" data-id=\"82a3d5f\" data-element_type=\"container\" data-settings=\"{&quot;wcf_enable_cursor_hover_effect_text&quot;:&quot;View&quot;,&quot;wcf-animation&quot;:&quot;none&quot;,&quot;wcf_pin_breakpoint&quot;:&quot;mobile&quot;}\">\n\t\t\t\t\t<div class=\"e-con-inner\">\n\t\t\t\t<div class=\"elementor-element elementor-element-8e3d5ae elementor-widget elementor-widget-google_maps\" data-id=\"8e3d5ae\" data-element_type=\"widget\" data-settings=\"{&quot;wcf-animation&quot;:&quot;none&quot;}\" data-widget_type=\"google_maps.default\">\n\t\t\t\t<div class=\"elementor-widget-container\">\n\t\t\t\t\t\t\t<div class=\"elementor-custom-embed\">\n\t\t\t<iframe loading=\"lazy\"\n\t\t\t\t\tsrc=\"https:\/\/maps.google.com\/maps?q=%E4%BC%A6%E6%95%A6%E7%9C%BC%EF%BC%8C%E4%BC%A6%E6%95%A6%EF%BC%8C%E8%8B%B1%E5%9B%BD&#038;t=m&#038;z=10&#038;output=embed&#038;iwloc=near\"\n\t\t\t\t\ttitle=\"London Eye, Londres, Reino Unido\"\n\t\t\t\t\taria-label=\"London Eye, Londres, Reino Unido\"\n\t\t\t><\/iframe>\n\t\t<\/div>\n\t\t\t\t\t\t<\/div>\n\t\t\t\t<\/div>\n\t\t\t\t\t<\/div>\n\t\t\t\t<\/div>\n\t\t<div class=\"elementor-element elementor-element-8d7c73f gradient-color e-flex e-con-boxed e-con e-parent\" data-id=\"8d7c73f\" data-element_type=\"container\" data-settings=\"{&quot;wcf_enable_cursor_hover_effect_text&quot;:&quot;View&quot;,&quot;wcf-animation&quot;:&quot;none&quot;,&quot;wcf_pin_breakpoint&quot;:&quot;mobile&quot;}\">\n\t\t\t\t\t<div class=\"e-con-inner\">\n\t\t\t\t<div class=\"elementor-element elementor-element-a7e4c37 elementor-widget elementor-widget-spacer\" data-id=\"a7e4c37\" data-element_type=\"widget\" data-settings=\"{&quot;wcf-animation&quot;:&quot;none&quot;}\" data-widget_type=\"spacer.default\">\n\t\t\t\t<div class=\"elementor-widget-container\">\n\t\t\t\t\t\t\t<div class=\"elementor-spacer\">\n\t\t\t<div class=\"elementor-spacer-inner\"><\/div>\n\t\t<\/div>\n\t\t\t\t\t\t<\/div>\n\t\t\t\t<\/div>\n\t\t\t\t\t<\/div>\n\t\t\t\t<\/div>\n\t\t\t\t<\/div>","protected":false},"excerpt":{"rendered":"<p>Don quijote Don Quijote\u00a0\u5efa\u7acb\u4e8e1980\u5e74\u4ee3\uff0c\u62e5\u6709\u8fd140\u5e74\u7684\u6559\u5b66\u3002\u5728\u897f\u73ed\u7259\u548c\u62c9\u4e01\u7f8e\u6d32\u5f00\u8bbe [&hellip;]<\/p>","protected":false},"author":9,"featured_media":0,"parent":11575,"menu_order":0,"comment_status":"closed","ping_status":"closed","template":"elementor_header_footer","meta":{"footnotes":""},"categories":[55],"tags":[],"class_list":["post-11691","page","type-page","status-publish","hentry","category-55"],"_links":{"self":[{"href":"https:\/\/metiseducation.com\/es\/wp-json\/wp\/v2\/pages\/11691","targetHints":{"allow":["GET"]}}],"collection":[{"href":"https:\/\/metiseducation.com\/es\/wp-json\/wp\/v2\/pages"}],"about":[{"href":"https:\/\/metiseducation.com\/es\/wp-json\/wp\/v2\/types\/page"}],"author":[{"embeddable":true,"href":"https:\/\/metiseducation.com\/es\/wp-json\/wp\/v2\/users\/9"}],"replies":[{"embeddable":true,"href":"https:\/\/metiseducation.com\/es\/wp-json\/wp\/v2\/comments?post=11691"}],"version-history":[{"count":21,"href":"https:\/\/metiseducation.com\/es\/wp-json\/wp\/v2\/pages\/11691\/revisions"}],"predecessor-version":[{"id":12134,"href":"https:\/\/metiseducation.com\/es\/wp-json\/wp\/v2\/pages\/11691\/revisions\/12134"}],"up":[{"embeddable":true,"href":"https:\/\/metiseducation.com\/es\/wp-json\/wp\/v2\/pages\/11575"}],"wp:attachment":[{"href":"https:\/\/metiseducation.com\/es\/wp-json\/wp\/v2\/media?parent=11691"}],"wp:term":[{"taxonomy":"category","embeddable":true,"href":"https:\/\/metiseducation.com\/es\/wp-json\/wp\/v2\/categories?post=11691"},{"taxonomy":"post_tag","embeddable":true,"href":"https:\/\/metiseducation.com\/es\/wp-json\/wp\/v2\/tags?post=11691"}],"curies":[{"name":"wp","href":"https:\/\/api.w.org\/{rel}","templated":true}]}}