{"id":11742,"date":"2025-01-30T13:16:30","date_gmt":"2025-01-30T13:16:30","guid":{"rendered":"https:\/\/metiseducation.com\/?page_id=11742"},"modified":"2025-01-31T09:51:47","modified_gmt":"2025-01-31T09:51:47","slug":"enforex-2","status":"publish","type":"page","link":"https:\/\/metiseducation.com\/es\/barcelona\/enforex-2\/","title":{"rendered":"enforex"},"content":{"rendered":"<div data-elementor-type=\"wp-page\" data-elementor-id=\"11742\" class=\"elementor elementor-11742\" data-elementor-post-type=\"page\">\n\t\t\t\t<div class=\"elementor-element elementor-element-72096cd gradient-color e-flex e-con-boxed e-con e-parent\" data-id=\"72096cd\" data-element_type=\"container\" data-settings=\"{&quot;wcf_enable_cursor_hover_effect_text&quot;:&quot;View&quot;,&quot;background_background&quot;:&quot;classic&quot;,&quot;wcf-animation&quot;:&quot;none&quot;,&quot;wcf_pin_breakpoint&quot;:&quot;mobile&quot;}\">\n\t\t\t\t\t<div class=\"e-con-inner\">\n\t\t\t\t<div class=\"elementor-element elementor-element-99df643 wcf-t-animation-none elementor-widget elementor-widget-heading\" data-id=\"99df643\" data-element_type=\"widget\" data-settings=\"{&quot;wcf_text_animation&quot;:&quot;none&quot;,&quot;wcf-animation&quot;:&quot;none&quot;}\" data-widget_type=\"heading.default\">\n\t\t\t\t<div class=\"elementor-widget-container\">\n\t\t\t\t\t<h2 class=\"elementor-heading-title elementor-size-default\">Enforex<\/h2>\t\t\t\t<\/div>\n\t\t\t\t<\/div>\n\t\t\t\t<div class=\"elementor-element elementor-element-563bab8 wcf-t-animation-none elementor-widget elementor-widget-heading\" data-id=\"563bab8\" data-element_type=\"widget\" data-settings=\"{&quot;wcf_text_animation&quot;:&quot;none&quot;,&quot;wcf-animation&quot;:&quot;none&quot;}\" data-widget_type=\"heading.default\">\n\t\t\t\t<div class=\"elementor-widget-container\">\n\t\t\t\t\t<h2 class=\"elementor-heading-title elementor-size-default\">Enforex se fund\u00f3 en la d\u00e9cada de 1980 y lleva casi 40 a\u00f1os dedic\u00e1ndose a la ense\u00f1anza. Cuenta con 32 centros de ense\u00f1anza en Espa\u00f1a y Am\u00e9rica Latina. Cada a\u00f1o, m\u00e1s de 15.000 estudiantes de todo el mundo reciben clases de espa\u00f1ol. Como escuela de idiomas con m\u00e1s de 30 a\u00f1os de experiencia en la ense\u00f1anza del espa\u00f1ol y una reputaci\u00f3n internacional, el control de los alumnos es estricto, y los estudiantes tienen un alto nivel de competencia ling\u00fc\u00edstica al final de sus estudios.<\/h2>\t\t\t\t<\/div>\n\t\t\t\t<\/div>\n\t\t\t\t\t<\/div>\n\t\t\t\t<\/div>\n\t\t<div class=\"elementor-element elementor-element-01b7dce e-grid gradient-color e-con-boxed e-con e-parent\" data-id=\"01b7dce\" data-element_type=\"container\" data-settings=\"{&quot;wcf_enable_cursor_hover_effect_text&quot;:&quot;View&quot;,&quot;wcf-animation&quot;:&quot;none&quot;,&quot;wcf_pin_breakpoint&quot;:&quot;mobile&quot;}\">\n\t\t\t\t\t<div class=\"e-con-inner\">\n\t\t\t\t<div class=\"elementor-element elementor-element-d43a3d8 elementor-widget elementor-widget-image\" data-id=\"d43a3d8\" data-element_type=\"widget\" data-settings=\"{&quot;wcf-image-animation&quot;:&quot;none&quot;,&quot;wcf-animation&quot;:&quot;none&quot;}\" data-widget_type=\"image.default\">\n\t\t\t\t<div class=\"elementor-widget-container\">\n\t\t\t\t\t\t\t\t\t\t\t\t\t\t\t<img fetchpriority=\"high\" decoding=\"async\" width=\"800\" height=\"532\" src=\"https:\/\/metiseducation.com\/wp-content\/uploads\/2025\/01\/escuela-barcelona-5.jpg\" class=\"attachment-large size-large wp-image-11892\" alt=\"\" srcset=\"https:\/\/metiseducation.com\/wp-content\/uploads\/2025\/01\/escuela-barcelona-5.jpg 1000w, https:\/\/metiseducation.com\/wp-content\/uploads\/2025\/01\/escuela-barcelona-5-300x200.jpg 300w, https:\/\/metiseducation.com\/wp-content\/uploads\/2025\/01\/escuela-barcelona-5-768x511.jpg 768w, https:\/\/metiseducation.com\/wp-content\/uploads\/2025\/01\/escuela-barcelona-5-18x12.jpg 18w\" sizes=\"(max-width: 800px) 100vw, 800px\" \/>\t\t\t\t\t\t\t\t\t\t\t\t\t\t\t<\/div>\n\t\t\t\t<\/div>\n\t\t\t\t<div class=\"elementor-element elementor-element-87b75e5 elementor-widget elementor-widget-image\" data-id=\"87b75e5\" data-element_type=\"widget\" data-settings=\"{&quot;wcf-image-animation&quot;:&quot;none&quot;,&quot;wcf-animation&quot;:&quot;none&quot;}\" data-widget_type=\"image.default\">\n\t\t\t\t<div class=\"elementor-widget-container\">\n\t\t\t\t\t\t\t\t\t\t\t\t\t\t\t<img decoding=\"async\" width=\"800\" height=\"532\" src=\"https:\/\/metiseducation.com\/wp-content\/uploads\/2025\/01\/escuela-barcelona-7-1.jpg\" class=\"attachment-large size-large wp-image-11893\" alt=\"\" srcset=\"https:\/\/metiseducation.com\/wp-content\/uploads\/2025\/01\/escuela-barcelona-7-1.jpg 1000w, https:\/\/metiseducation.com\/wp-content\/uploads\/2025\/01\/escuela-barcelona-7-1-300x200.jpg 300w, https:\/\/metiseducation.com\/wp-content\/uploads\/2025\/01\/escuela-barcelona-7-1-768x511.jpg 768w, https:\/\/metiseducation.com\/wp-content\/uploads\/2025\/01\/escuela-barcelona-7-1-18x12.jpg 18w\" sizes=\"(max-width: 800px) 100vw, 800px\" \/>\t\t\t\t\t\t\t\t\t\t\t\t\t\t\t<\/div>\n\t\t\t\t<\/div>\n\t\t\t\t\t<\/div>\n\t\t\t\t<\/div>\n\t\t<div class=\"elementor-element elementor-element-33df99f gradient-color e-flex e-con-boxed e-con e-parent\" data-id=\"33df99f\" data-element_type=\"container\" data-settings=\"{&quot;wcf_enable_cursor_hover_effect_text&quot;:&quot;View&quot;,&quot;wcf-animation&quot;:&quot;none&quot;,&quot;wcf_pin_breakpoint&quot;:&quot;mobile&quot;}\">\n\t\t\t\t\t<div class=\"e-con-inner\">\n\t\t\t\t<div class=\"elementor-element elementor-element-75179e4 wcf-t-animation-none elementor-widget elementor-widget-heading\" data-id=\"75179e4\" data-element_type=\"widget\" data-settings=\"{&quot;wcf_text_animation&quot;:&quot;none&quot;,&quot;wcf-animation&quot;:&quot;none&quot;}\" data-widget_type=\"heading.default\">\n\t\t\t\t<div class=\"elementor-widget-container\">\n\t\t\t\t\t<h2 class=\"elementor-heading-title elementor-size-default\">2025 Matr\u00edcula de 40 semanas o m\u00e1s:<br>\n\ud83d\udfe140 semanas (32 semanas de curso + 8 semanas de vacaciones):\nPrecio oficial: 5.088 euros; 15% de descuento en nombre de Metis Education: 43xx euros<br>\ud83d\udfe142 semanas (34 semanas de curso + 8 semanas de vacaciones):\nPrecio oficial: 5406 euros; 15% de descuento en nombre de Metis Education: 44xx euros<br>\ud83d\udfe145 semanas (36 semanas de cursos + 9 semanas de vacaciones): precio oficial: 5724 euros; 83% de descuento por cuenta de Metis Education: 47xx euros<br>\ud83d\udfe148 semanas (39 semanas de cursos + 9 semanas de vacaciones): precio oficial: 6201 euros; 83% de descuento por cuenta de Metis Education: 51xx euros<br>\ud83d\udfe150 semanas (40 semanas de cursos + 10 semanas de vacaciones): precio oficial: 6360 euros; 83% de descuento por cuenta de Metis  Education: 52xx euros<br>\ud83d\udfe152 semanas (42 semanas de cursos + 10 semanas de vacaciones): precio oficial: 6.678 euros; 83% de descuento en nombre de Metis  Education: 55xx euros<\/h2>\t\t\t\t<\/div>\n\t\t\t\t<\/div>\n\t\t\t\t\t<\/div>\n\t\t\t\t<\/div>\n\t\t<div class=\"elementor-element elementor-element-745a492 gradient-color e-flex e-con-boxed e-con e-parent\" data-id=\"745a492\" data-element_type=\"container\" data-settings=\"{&quot;wcf_enable_cursor_hover_effect_text&quot;:&quot;View&quot;,&quot;wcf-animation&quot;:&quot;none&quot;,&quot;wcf_pin_breakpoint&quot;:&quot;mobile&quot;}\">\n\t\t\t\t\t<div class=\"e-con-inner\">\n\t\t\t\t<div class=\"elementor-element elementor-element-9574bb6 elementor-widget elementor-widget-spacer\" data-id=\"9574bb6\" data-element_type=\"widget\" data-settings=\"{&quot;wcf-animation&quot;:&quot;none&quot;}\" data-widget_type=\"spacer.default\">\n\t\t\t\t<div class=\"elementor-widget-container\">\n\t\t\t\t\t\t\t<div class=\"elementor-spacer\">\n\t\t\t<div class=\"elementor-spacer-inner\"><\/div>\n\t\t<\/div>\n\t\t\t\t\t\t<\/div>\n\t\t\t\t<\/div>\n\t\t\t\t\t<\/div>\n\t\t\t\t<\/div>\n\t\t<div class=\"elementor-element elementor-element-82a3d5f gradient-color e-flex e-con-boxed e-con e-parent\" data-id=\"82a3d5f\" data-element_type=\"container\" data-settings=\"{&quot;wcf_enable_cursor_hover_effect_text&quot;:&quot;View&quot;,&quot;wcf-animation&quot;:&quot;none&quot;,&quot;wcf_pin_breakpoint&quot;:&quot;mobile&quot;}\">\n\t\t\t\t\t<div class=\"e-con-inner\">\n\t\t\t\t<div class=\"elementor-element elementor-element-8e3d5ae elementor-widget elementor-widget-google_maps\" data-id=\"8e3d5ae\" data-element_type=\"widget\" data-settings=\"{&quot;wcf-animation&quot;:&quot;none&quot;}\" data-widget_type=\"google_maps.default\">\n\t\t\t\t<div class=\"elementor-widget-container\">\n\t\t\t\t\t\t\t<div class=\"elementor-custom-embed\">\n\t\t\t<iframe loading=\"lazy\"\n\t\t\t\t\tsrc=\"https:\/\/maps.google.com\/maps?q=C%2F%20de%20la%20Diputaci%C3%B3%2C%2092%2C%20L%27Eixample%2C%2008015%20Barcelona&#038;t=m&#038;z=10&#038;output=embed&#038;iwloc=near\"\n\t\t\t\t\ttitle=\"C\/ de la Diputaci\u00f3, 92, L&#039;Eixample, 08015 Barcelona\"\n\t\t\t\t\taria-label=\"C\/ de la Diputaci\u00f3, 92, L&#039;Eixample, 08015 Barcelona\"\n\t\t\t><\/iframe>\n\t\t<\/div>\n\t\t\t\t\t\t<\/div>\n\t\t\t\t<\/div>\n\t\t\t\t\t<\/div>\n\t\t\t\t<\/div>\n\t\t<div class=\"elementor-element elementor-element-8d7c73f gradient-color e-flex e-con-boxed e-con e-parent\" data-id=\"8d7c73f\" data-element_type=\"container\" data-settings=\"{&quot;wcf_enable_cursor_hover_effect_text&quot;:&quot;View&quot;,&quot;wcf-animation&quot;:&quot;none&quot;,&quot;wcf_pin_breakpoint&quot;:&quot;mobile&quot;}\">\n\t\t\t\t\t<div class=\"e-con-inner\">\n\t\t\t\t<div class=\"elementor-element elementor-element-a7e4c37 elementor-widget elementor-widget-spacer\" data-id=\"a7e4c37\" data-element_type=\"widget\" data-settings=\"{&quot;wcf-animation&quot;:&quot;none&quot;}\" data-widget_type=\"spacer.default\">\n\t\t\t\t<div class=\"elementor-widget-container\">\n\t\t\t\t\t\t\t<div class=\"elementor-spacer\">\n\t\t\t<div class=\"elementor-spacer-inner\"><\/div>\n\t\t<\/div>\n\t\t\t\t\t\t<\/div>\n\t\t\t\t<\/div>\n\t\t\t\t\t<\/div>\n\t\t\t\t<\/div>\n\t\t\t\t<\/div>","protected":false},"excerpt":{"rendered":"<p>Enforex Enforex\u00a0\u5efa\u7acb\u4e8e1980\u5e74\u4ee3\uff0c\u62e5\u6709\u8fd140\u5e74\u7684\u6559\u5b66\u3002\u5728\u897f\u73ed\u7259\u548c\u62c9\u4e01\u7f8e\u6d32\u5f00\u8bbe\u4e8632\u4e2a\u6559\u5b66\u70b9\u3002 [&hellip;]<\/p>","protected":false},"author":9,"featured_media":0,"parent":11575,"menu_order":0,"comment_status":"closed","ping_status":"closed","template":"elementor_header_footer","meta":{"footnotes":""},"categories":[55],"tags":[],"class_list":["post-11742","page","type-page","status-publish","hentry","category-55"],"_links":{"self":[{"href":"https:\/\/metiseducation.com\/es\/wp-json\/wp\/v2\/pages\/11742","targetHints":{"allow":["GET"]}}],"collection":[{"href":"https:\/\/metiseducation.com\/es\/wp-json\/wp\/v2\/pages"}],"about":[{"href":"https:\/\/metiseducation.com\/es\/wp-json\/wp\/v2\/types\/page"}],"author":[{"embeddable":true,"href":"https:\/\/metiseducation.com\/es\/wp-json\/wp\/v2\/users\/9"}],"replies":[{"embeddable":true,"href":"https:\/\/metiseducation.com\/es\/wp-json\/wp\/v2\/comments?post=11742"}],"version-history":[{"count":20,"href":"https:\/\/metiseducation.com\/es\/wp-json\/wp\/v2\/pages\/11742\/revisions"}],"predecessor-version":[{"id":12137,"href":"https:\/\/metiseducation.com\/es\/wp-json\/wp\/v2\/pages\/11742\/revisions\/12137"}],"up":[{"embeddable":true,"href":"https:\/\/metiseducation.com\/es\/wp-json\/wp\/v2\/pages\/11575"}],"wp:attachment":[{"href":"https:\/\/metiseducation.com\/es\/wp-json\/wp\/v2\/media?parent=11742"}],"wp:term":[{"taxonomy":"category","embeddable":true,"href":"https:\/\/metiseducation.com\/es\/wp-json\/wp\/v2\/categories?post=11742"},{"taxonomy":"post_tag","embeddable":true,"href":"https:\/\/metiseducation.com\/es\/wp-json\/wp\/v2\/tags?post=11742"}],"curies":[{"name":"wp","href":"https:\/\/api.w.org\/{rel}","templated":true}]}}