{"id":11746,"date":"2025-01-30T13:16:20","date_gmt":"2025-01-30T13:16:20","guid":{"rendered":"https:\/\/metiseducation.com\/?page_id=11746"},"modified":"2025-01-31T09:49:13","modified_gmt":"2025-01-31T09:49:13","slug":"ail-espanol","status":"publish","type":"page","link":"https:\/\/metiseducation.com\/es\/barcelona\/ail-espanol\/","title":{"rendered":"AIL Espa\u00f1ol"},"content":{"rendered":"<div data-elementor-type=\"wp-page\" data-elementor-id=\"11746\" class=\"elementor elementor-11746\" data-elementor-post-type=\"page\">\n\t\t\t\t<div class=\"elementor-element elementor-element-72096cd gradient-color e-flex e-con-boxed e-con e-parent\" data-id=\"72096cd\" data-element_type=\"container\" data-settings=\"{&quot;wcf_enable_cursor_hover_effect_text&quot;:&quot;View&quot;,&quot;background_background&quot;:&quot;classic&quot;,&quot;wcf-animation&quot;:&quot;none&quot;,&quot;wcf_pin_breakpoint&quot;:&quot;mobile&quot;}\">\n\t\t\t\t\t<div class=\"e-con-inner\">\n\t\t\t\t<div class=\"elementor-element elementor-element-99df643 wcf-t-animation-none elementor-widget elementor-widget-heading\" data-id=\"99df643\" data-element_type=\"widget\" data-settings=\"{&quot;wcf_text_animation&quot;:&quot;none&quot;,&quot;wcf-animation&quot;:&quot;none&quot;}\" data-widget_type=\"heading.default\">\n\t\t\t\t<div class=\"elementor-widget-container\">\n\t\t\t\t\t<h2 class=\"elementor-heading-title elementor-size-default\">AIL Espa\u00f1ol<\/h2>\t\t\t\t<\/div>\n\t\t\t\t<\/div>\n\t\t\t\t<div class=\"elementor-element elementor-element-75ab3ac wcf-t-animation-none elementor-widget elementor-widget-heading\" data-id=\"75ab3ac\" data-element_type=\"widget\" data-settings=\"{&quot;wcf_text_animation&quot;:&quot;none&quot;,&quot;wcf-animation&quot;:&quot;none&quot;}\" data-widget_type=\"heading.default\">\n\t\t\t\t<div class=\"elementor-widget-container\">\n\t\t\t\t\t<h2 class=\"elementor-heading-title elementor-size-default\">Fundada hace diez a\u00f1os con campus en Madrid, Barcelona, Valencia y M\u00e1laga, AIL Espa\u00f1ol opera bajo la marca \"AIL Barcelona\" desde la adquisici\u00f3n de Ol\u00e9 Barcelona en 2023 y acoge a m\u00e1s de 1.000 estudiantes al a\u00f1o. La escuela cuenta con 11 aulas en el centro de Barcelona, convenientemente situadas a pocos minutos del metro y del mar.\nAIL Barcelona es un programa de inmersi\u00f3n que combina viajes culturales y clases de cocina y baile para ayudar a los estudiantes a integrarse en la vida barcelonesa y dominar la lengua espa\u00f1ola. Los estudiantes proceden de todo el mundo y el campus tiene un fuerte ambiente multicultural y est\u00e1 bien considerado. Nuestros profesores tienen titulaci\u00f3n y experiencia en ling\u00fc\u00edstica y educaci\u00f3n, y ofrecen una alta calidad de ense\u00f1anza y aprendizaje.\nAIL espa\u00f1ol est\u00e1 equipado con pizarras interactivas y sistemas de sonido para proporcionar una experiencia de aprendizaje animada. Adem\u00e1s, hay Wi-Fi de alta velocidad en toda la escuela y c\u00f3modos salones donde los estudiantes pueden relajarse y socializar.<\/h2>\t\t\t\t<\/div>\n\t\t\t\t<\/div>\n\t\t\t\t\t<\/div>\n\t\t\t\t<\/div>\n\t\t<div class=\"elementor-element elementor-element-01b7dce e-grid gradient-color e-con-boxed e-con e-parent\" data-id=\"01b7dce\" data-element_type=\"container\" data-settings=\"{&quot;wcf_enable_cursor_hover_effect_text&quot;:&quot;View&quot;,&quot;wcf-animation&quot;:&quot;none&quot;,&quot;wcf_pin_breakpoint&quot;:&quot;mobile&quot;}\">\n\t\t\t\t\t<div class=\"e-con-inner\">\n\t\t\t\t<div class=\"elementor-element elementor-element-d43a3d8 elementor-widget elementor-widget-image\" data-id=\"d43a3d8\" data-element_type=\"widget\" data-settings=\"{&quot;wcf-image-animation&quot;:&quot;none&quot;,&quot;wcf-animation&quot;:&quot;none&quot;}\" data-widget_type=\"image.default\">\n\t\t\t\t<div class=\"elementor-widget-container\">\n\t\t\t\t\t\t\t\t\t\t\t\t\t\t\t<img fetchpriority=\"high\" decoding=\"async\" width=\"800\" height=\"443\" src=\"https:\/\/metiseducation.com\/wp-content\/uploads\/2025\/01\/ailba-1024x567.jpg\" class=\"attachment-large size-large wp-image-11963\" alt=\"\" srcset=\"https:\/\/metiseducation.com\/wp-content\/uploads\/2025\/01\/ailba-1024x567.jpg 1024w, https:\/\/metiseducation.com\/wp-content\/uploads\/2025\/01\/ailba-300x166.jpg 300w, https:\/\/metiseducation.com\/wp-content\/uploads\/2025\/01\/ailba-768x425.jpg 768w, https:\/\/metiseducation.com\/wp-content\/uploads\/2025\/01\/ailba-1536x850.jpg 1536w, https:\/\/metiseducation.com\/wp-content\/uploads\/2025\/01\/ailba-2048x1134.jpg 2048w, https:\/\/metiseducation.com\/wp-content\/uploads\/2025\/01\/ailba-18x10.jpg 18w\" sizes=\"(max-width: 800px) 100vw, 800px\" \/>\t\t\t\t\t\t\t\t\t\t\t\t\t\t\t<\/div>\n\t\t\t\t<\/div>\n\t\t\t\t<div class=\"elementor-element elementor-element-87b75e5 elementor-widget elementor-widget-image\" data-id=\"87b75e5\" data-element_type=\"widget\" data-settings=\"{&quot;wcf-image-animation&quot;:&quot;none&quot;,&quot;wcf-animation&quot;:&quot;none&quot;}\" data-widget_type=\"image.default\">\n\t\t\t\t<div class=\"elementor-widget-container\">\n\t\t\t\t\t\t\t\t\t\t\t\t\t\t\t<img decoding=\"async\" width=\"800\" height=\"394\" src=\"https:\/\/metiseducation.com\/wp-content\/uploads\/2025\/01\/ali-1024x504.jpg\" class=\"attachment-large size-large wp-image-11964\" alt=\"\" srcset=\"https:\/\/metiseducation.com\/wp-content\/uploads\/2025\/01\/ali-1024x504.jpg 1024w, https:\/\/metiseducation.com\/wp-content\/uploads\/2025\/01\/ali-300x148.jpg 300w, https:\/\/metiseducation.com\/wp-content\/uploads\/2025\/01\/ali-768x378.jpg 768w, https:\/\/metiseducation.com\/wp-content\/uploads\/2025\/01\/ali-1536x757.jpg 1536w, https:\/\/metiseducation.com\/wp-content\/uploads\/2025\/01\/ali-2048x1009.jpg 2048w, https:\/\/metiseducation.com\/wp-content\/uploads\/2025\/01\/ali-18x9.jpg 18w\" sizes=\"(max-width: 800px) 100vw, 800px\" \/>\t\t\t\t\t\t\t\t\t\t\t\t\t\t\t<\/div>\n\t\t\t\t<\/div>\n\t\t\t\t\t<\/div>\n\t\t\t\t<\/div>\n\t\t<div class=\"elementor-element elementor-element-33df99f gradient-color e-flex e-con-boxed e-con e-parent\" data-id=\"33df99f\" data-element_type=\"container\" data-settings=\"{&quot;wcf_enable_cursor_hover_effect_text&quot;:&quot;View&quot;,&quot;wcf-animation&quot;:&quot;none&quot;,&quot;wcf_pin_breakpoint&quot;:&quot;mobile&quot;}\">\n\t\t\t\t\t<div class=\"e-con-inner\">\n\t\t\t\t<div class=\"elementor-element elementor-element-75179e4 wcf-t-animation-none elementor-widget elementor-widget-heading\" data-id=\"75179e4\" data-element_type=\"widget\" data-settings=\"{&quot;wcf_text_animation&quot;:&quot;none&quot;,&quot;wcf-animation&quot;:&quot;none&quot;}\" data-widget_type=\"heading.default\">\n\t\t\t\t<div class=\"elementor-widget-container\">\n\t\t\t\t\t<h2 class=\"elementor-heading-title elementor-size-default translation-block\">Inscripci\u00f3n para 2025, matr\u00edcula de m\u00e1s de 40 semanas: <br>\n\ud83d\udfe140 semanas (32 semanas de clases + 8 semanas de vacaciones):<br>\nPrecio en la p\u00e1gina oficial: 5120 \u20ac; Inscripci\u00f3n a trav\u00e9s de Metis Education con un 15% de descuento: 43xx \u20ac<br>\n\ud83d\udfe145 semanas (36 semanas de clases + 9 semanas de vacaciones):<br>\nPrecio en la p\u00e1gina oficial: 5760 \u20ac; Inscripci\u00f3n a trav\u00e9s de Metis Education con un 17% de descuento: 47xx \u20ac<br>\n\ud83d\udfe150 semanas (40 semanas de clases + 10 semanas de vacaciones):<br>\nPrecio en la p\u00e1gina oficial: 6400 \u20ac; Inscripci\u00f3n a trav\u00e9s de Metis Education con un 17% de descuento: 53xx \u20ac<br><\/h2>\t\t\t\t<\/div>\n\t\t\t\t<\/div>\n\t\t\t\t\t<\/div>\n\t\t\t\t<\/div>\n\t\t<div class=\"elementor-element elementor-element-745a492 gradient-color e-flex e-con-boxed e-con e-parent\" data-id=\"745a492\" data-element_type=\"container\" data-settings=\"{&quot;wcf_enable_cursor_hover_effect_text&quot;:&quot;View&quot;,&quot;wcf-animation&quot;:&quot;none&quot;,&quot;wcf_pin_breakpoint&quot;:&quot;mobile&quot;}\">\n\t\t\t\t\t<div class=\"e-con-inner\">\n\t\t\t\t<div class=\"elementor-element elementor-element-9574bb6 elementor-widget elementor-widget-spacer\" data-id=\"9574bb6\" data-element_type=\"widget\" data-settings=\"{&quot;wcf-animation&quot;:&quot;none&quot;}\" data-widget_type=\"spacer.default\">\n\t\t\t\t<div class=\"elementor-widget-container\">\n\t\t\t\t\t\t\t<div class=\"elementor-spacer\">\n\t\t\t<div class=\"elementor-spacer-inner\"><\/div>\n\t\t<\/div>\n\t\t\t\t\t\t<\/div>\n\t\t\t\t<\/div>\n\t\t\t\t\t<\/div>\n\t\t\t\t<\/div>\n\t\t<div class=\"elementor-element elementor-element-82a3d5f gradient-color e-flex e-con-boxed e-con e-parent\" data-id=\"82a3d5f\" data-element_type=\"container\" data-settings=\"{&quot;wcf_enable_cursor_hover_effect_text&quot;:&quot;View&quot;,&quot;wcf-animation&quot;:&quot;none&quot;,&quot;wcf_pin_breakpoint&quot;:&quot;mobile&quot;}\">\n\t\t\t\t\t<div class=\"e-con-inner\">\n\t\t\t\t<div class=\"elementor-element elementor-element-8e3d5ae elementor-widget elementor-widget-google_maps\" data-id=\"8e3d5ae\" data-element_type=\"widget\" data-settings=\"{&quot;wcf-animation&quot;:&quot;none&quot;}\" data-widget_type=\"google_maps.default\">\n\t\t\t\t<div class=\"elementor-widget-container\">\n\t\t\t\t\t\t\t<div class=\"elementor-custom-embed\">\n\t\t\t<iframe loading=\"lazy\"\n\t\t\t\t\tsrc=\"https:\/\/maps.google.com\/maps?q=%E4%BC%A6%E6%95%A6%E7%9C%BC%EF%BC%8C%E4%BC%A6%E6%95%A6%EF%BC%8C%E8%8B%B1%E5%9B%BD&#038;t=m&#038;z=10&#038;output=embed&#038;iwloc=near\"\n\t\t\t\t\ttitle=\"London Eye, Londres, Reino Unido\"\n\t\t\t\t\taria-label=\"London Eye, Londres, Reino Unido\"\n\t\t\t><\/iframe>\n\t\t<\/div>\n\t\t\t\t\t\t<\/div>\n\t\t\t\t<\/div>\n\t\t\t\t\t<\/div>\n\t\t\t\t<\/div>\n\t\t<div class=\"elementor-element elementor-element-8d7c73f gradient-color e-flex e-con-boxed e-con e-parent\" data-id=\"8d7c73f\" data-element_type=\"container\" data-settings=\"{&quot;wcf_enable_cursor_hover_effect_text&quot;:&quot;View&quot;,&quot;wcf-animation&quot;:&quot;none&quot;,&quot;wcf_pin_breakpoint&quot;:&quot;mobile&quot;}\">\n\t\t\t\t\t<div class=\"e-con-inner\">\n\t\t\t\t<div class=\"elementor-element elementor-element-a7e4c37 elementor-widget elementor-widget-spacer\" data-id=\"a7e4c37\" data-element_type=\"widget\" data-settings=\"{&quot;wcf-animation&quot;:&quot;none&quot;}\" data-widget_type=\"spacer.default\">\n\t\t\t\t<div class=\"elementor-widget-container\">\n\t\t\t\t\t\t\t<div class=\"elementor-spacer\">\n\t\t\t<div class=\"elementor-spacer-inner\"><\/div>\n\t\t<\/div>\n\t\t\t\t\t\t<\/div>\n\t\t\t\t<\/div>\n\t\t\t\t\t<\/div>\n\t\t\t\t<\/div>\n\t\t\t\t<\/div>","protected":false},"excerpt":{"rendered":"<p>AIL Espa\u00f1ol AIL Espa\u00f1ol\u00a0\u6210\u7acb\u5341\u5e74\uff0c\u5728\u9a6c\u5fb7\u91cc\u3001\u5df4\u585e\u7f57\u90a3\u3001\u74e6\u4f26\u897f\u4e9a\u548c\u9a6c\u62c9\u52a0\u8bbe\u6709\u6821\u533a\u3002202 [&hellip;]<\/p>","protected":false},"author":9,"featured_media":0,"parent":11575,"menu_order":0,"comment_status":"closed","ping_status":"closed","template":"elementor_header_footer","meta":{"footnotes":""},"categories":[55],"tags":[],"class_list":["post-11746","page","type-page","status-publish","hentry","category-55"],"_links":{"self":[{"href":"https:\/\/metiseducation.com\/es\/wp-json\/wp\/v2\/pages\/11746","targetHints":{"allow":["GET"]}}],"collection":[{"href":"https:\/\/metiseducation.com\/es\/wp-json\/wp\/v2\/pages"}],"about":[{"href":"https:\/\/metiseducation.com\/es\/wp-json\/wp\/v2\/types\/page"}],"author":[{"embeddable":true,"href":"https:\/\/metiseducation.com\/es\/wp-json\/wp\/v2\/users\/9"}],"replies":[{"embeddable":true,"href":"https:\/\/metiseducation.com\/es\/wp-json\/wp\/v2\/comments?post=11746"}],"version-history":[{"count":17,"href":"https:\/\/metiseducation.com\/es\/wp-json\/wp\/v2\/pages\/11746\/revisions"}],"predecessor-version":[{"id":12125,"href":"https:\/\/metiseducation.com\/es\/wp-json\/wp\/v2\/pages\/11746\/revisions\/12125"}],"up":[{"embeddable":true,"href":"https:\/\/metiseducation.com\/es\/wp-json\/wp\/v2\/pages\/11575"}],"wp:attachment":[{"href":"https:\/\/metiseducation.com\/es\/wp-json\/wp\/v2\/media?parent=11746"}],"wp:term":[{"taxonomy":"category","embeddable":true,"href":"https:\/\/metiseducation.com\/es\/wp-json\/wp\/v2\/categories?post=11746"},{"taxonomy":"post_tag","embeddable":true,"href":"https:\/\/metiseducation.com\/es\/wp-json\/wp\/v2\/tags?post=11746"}],"curies":[{"name":"wp","href":"https:\/\/api.w.org\/{rel}","templated":true}]}}