{"id":11748,"date":"2025-01-30T13:14:05","date_gmt":"2025-01-30T13:14:05","guid":{"rendered":"https:\/\/metiseducation.com\/?page_id=11748"},"modified":"2025-01-31T09:52:16","modified_gmt":"2025-01-31T09:52:16","slug":"speakeasy","status":"publish","type":"page","link":"https:\/\/metiseducation.com\/es\/barcelona\/speakeasy\/","title":{"rendered":"Speakeasy"},"content":{"rendered":"<div data-elementor-type=\"wp-page\" data-elementor-id=\"11748\" class=\"elementor elementor-11748\" data-elementor-post-type=\"page\">\n\t\t\t\t<div class=\"elementor-element elementor-element-72096cd gradient-color e-flex e-con-boxed e-con e-parent\" data-id=\"72096cd\" data-element_type=\"container\" data-settings=\"{&quot;wcf_enable_cursor_hover_effect_text&quot;:&quot;View&quot;,&quot;background_background&quot;:&quot;classic&quot;,&quot;wcf-animation&quot;:&quot;none&quot;,&quot;wcf_pin_breakpoint&quot;:&quot;mobile&quot;}\">\n\t\t\t\t\t<div class=\"e-con-inner\">\n\t\t\t\t<div class=\"elementor-element elementor-element-99df643 wcf-t-animation-none elementor-widget elementor-widget-heading\" data-id=\"99df643\" data-element_type=\"widget\" data-settings=\"{&quot;wcf_text_animation&quot;:&quot;none&quot;,&quot;wcf-animation&quot;:&quot;none&quot;}\" data-widget_type=\"heading.default\">\n\t\t\t\t<div class=\"elementor-widget-container\">\n\t\t\t\t\t<h2 class=\"elementor-heading-title elementor-size-default\">Speakeasy<\/h2>\t\t\t\t<\/div>\n\t\t\t\t<\/div>\n\t\t\t\t<div class=\"elementor-element elementor-element-75ab3ac wcf-t-animation-none elementor-widget elementor-widget-heading\" data-id=\"75ab3ac\" data-element_type=\"widget\" data-settings=\"{&quot;wcf_text_animation&quot;:&quot;none&quot;,&quot;wcf-animation&quot;:&quot;none&quot;}\" data-widget_type=\"heading.default\">\n\t\t\t\t<div class=\"elementor-widget-container\">\n\t\t\t\t\t<h2 class=\"elementor-heading-title elementor-size-default\">Fundada en 2001, Speakeasy cuenta con una amplia experiencia en la ense\u00f1anza y est\u00e1 reconocida como una de las mejores escuelas de idiomas de Espa\u00f1a. La escuela cuenta con el apoyo de un equipo de servicio global y un equipo de profesores nativos de habla hispana para garantizar una ense\u00f1anza de idiomas y servicios de alta calidad. La escuela tiene una tasa de satisfacci\u00f3n de los estudiantes de 99%, con 50% de los nuevos estudiantes procedentes de referencias, y las tasas de matr\u00edcula son relativamente asequibles.\nLa escuela est\u00e1 situada en el centro de Barcelona, entre la Plaza Universitaria y la Plaza Catalu\u00f1a, a 10 minutos a pie de los principales lugares de inter\u00e9s, y rodeada de f\u00e1cil acceso a las estaciones de metro y tren, as\u00ed como a las rutas de autob\u00fas. La escuela cuenta con excelentes instalaciones, incluyendo aulas multimedia, Wi-Fi y una biblioteca con libros y DVDs disponibles para alquilar. El profesorado est\u00e1 formado por licenciados en ling\u00fc\u00edstica, incluyendo un M\u00e1ster en Ense\u00f1anza de Espa\u00f1ol como Lengua Extranjera.<\/h2>\t\t\t\t<\/div>\n\t\t\t\t<\/div>\n\t\t\t\t\t<\/div>\n\t\t\t\t<\/div>\n\t\t<div class=\"elementor-element elementor-element-01b7dce e-grid gradient-color e-con-boxed e-con e-parent\" data-id=\"01b7dce\" data-element_type=\"container\" data-settings=\"{&quot;wcf_enable_cursor_hover_effect_text&quot;:&quot;View&quot;,&quot;wcf-animation&quot;:&quot;none&quot;,&quot;wcf_pin_breakpoint&quot;:&quot;mobile&quot;}\">\n\t\t\t\t\t<div class=\"e-con-inner\">\n\t\t\t\t<div class=\"elementor-element elementor-element-d43a3d8 elementor-widget elementor-widget-image\" data-id=\"d43a3d8\" data-element_type=\"widget\" data-settings=\"{&quot;wcf-image-animation&quot;:&quot;none&quot;,&quot;wcf-animation&quot;:&quot;none&quot;}\" data-widget_type=\"image.default\">\n\t\t\t\t<div class=\"elementor-widget-container\">\n\t\t\t\t\t\t\t\t\t\t\t\t\t\t\t<img fetchpriority=\"high\" decoding=\"async\" width=\"800\" height=\"600\" src=\"https:\/\/metiseducation.com\/wp-content\/uploads\/2025\/01\/speakeasy_classroom_9.webp\" class=\"attachment-large size-large wp-image-11969\" alt=\"\" srcset=\"https:\/\/metiseducation.com\/wp-content\/uploads\/2025\/01\/speakeasy_classroom_9.webp 900w, https:\/\/metiseducation.com\/wp-content\/uploads\/2025\/01\/speakeasy_classroom_9-300x225.webp 300w, https:\/\/metiseducation.com\/wp-content\/uploads\/2025\/01\/speakeasy_classroom_9-768x576.webp 768w, https:\/\/metiseducation.com\/wp-content\/uploads\/2025\/01\/speakeasy_classroom_9-16x12.webp 16w\" sizes=\"(max-width: 800px) 100vw, 800px\" \/>\t\t\t\t\t\t\t\t\t\t\t\t\t\t\t<\/div>\n\t\t\t\t<\/div>\n\t\t\t\t<div class=\"elementor-element elementor-element-87b75e5 elementor-widget elementor-widget-image\" data-id=\"87b75e5\" data-element_type=\"widget\" data-settings=\"{&quot;wcf-image-animation&quot;:&quot;none&quot;,&quot;wcf-animation&quot;:&quot;none&quot;}\" data-widget_type=\"image.default\">\n\t\t\t\t<div class=\"elementor-widget-container\">\n\t\t\t\t\t\t\t\t\t\t\t\t\t\t\t<img decoding=\"async\" width=\"800\" height=\"534\" src=\"https:\/\/metiseducation.com\/wp-content\/uploads\/2025\/01\/spe-1024x684.jpg\" class=\"attachment-large size-large wp-image-11968\" alt=\"\" srcset=\"https:\/\/metiseducation.com\/wp-content\/uploads\/2025\/01\/spe-1024x684.jpg 1024w, https:\/\/metiseducation.com\/wp-content\/uploads\/2025\/01\/spe-300x200.jpg 300w, https:\/\/metiseducation.com\/wp-content\/uploads\/2025\/01\/spe-768x513.jpg 768w, https:\/\/metiseducation.com\/wp-content\/uploads\/2025\/01\/spe-1536x1026.jpg 1536w, https:\/\/metiseducation.com\/wp-content\/uploads\/2025\/01\/spe-18x12.jpg 18w, https:\/\/metiseducation.com\/wp-content\/uploads\/2025\/01\/spe.jpg 1617w\" sizes=\"(max-width: 800px) 100vw, 800px\" \/>\t\t\t\t\t\t\t\t\t\t\t\t\t\t\t<\/div>\n\t\t\t\t<\/div>\n\t\t\t\t\t<\/div>\n\t\t\t\t<\/div>\n\t\t<div class=\"elementor-element elementor-element-33df99f gradient-color e-flex e-con-boxed e-con e-parent\" data-id=\"33df99f\" data-element_type=\"container\" data-settings=\"{&quot;wcf_enable_cursor_hover_effect_text&quot;:&quot;View&quot;,&quot;wcf-animation&quot;:&quot;none&quot;,&quot;wcf_pin_breakpoint&quot;:&quot;mobile&quot;}\">\n\t\t\t\t\t<div class=\"e-con-inner\">\n\t\t\t\t<div class=\"elementor-element elementor-element-75179e4 wcf-t-animation-none elementor-widget elementor-widget-heading\" data-id=\"75179e4\" data-element_type=\"widget\" data-settings=\"{&quot;wcf_text_animation&quot;:&quot;none&quot;,&quot;wcf-animation&quot;:&quot;none&quot;}\" data-widget_type=\"heading.default\">\n\t\t\t\t<div class=\"elementor-widget-container\">\n\t\t\t\t\t<h2 class=\"elementor-heading-title elementor-size-default translation-block\">Inscripci\u00f3n para 2025, matr\u00edcula de m\u00e1s de 30 semanas: <br>\n\nCursos intensivos: <br>\n\ud83d\udfe142 semanas (36 semanas de clases + 6 semanas de vacaciones):<br>\nPrecio en la p\u00e1gina oficial: 5040 \u20ac; Inscripci\u00f3n a trav\u00e9s de Metis Education con un 10% de descuento: 45xx \u20ac<br>\n\ud83d\udfe148 semanas (40 semanas de clases + 8 semanas de vacaciones):<br>\nPrecio en la p\u00e1gina oficial: 5560 \u20ac; Inscripci\u00f3n a trav\u00e9s de Metis Education con un 10% de descuento: 50xx \u20ac<br>\n\ud83d\udfe152 semanas (42 semanas de clases + 10 semanas de vacaciones):<br>\nPrecio en la p\u00e1gina oficial: 5754 \u20ac; Inscripci\u00f3n a trav\u00e9s de Metis Education con un 10% de descuento: 51xx \u20ac<br>\n\nCursos semi-intensivos + curso de conversaci\u00f3n: <br>\n\ud83d\udfe148 semanas (30 semanas de clases + 18 semanas de vacaciones):<br>\nPrecio en la p\u00e1gina oficial: 3870 \u20ac; Inscripci\u00f3n a trav\u00e9s de Metis Education con un 10% de descuento: 34xx \u20ac<br>\n\ud83d\udfe152 semanas (34 semanas de clases + 18 semanas de vacaciones):<br>\nPrecio en la p\u00e1gina oficial: 4318 \u20ac; Inscripci\u00f3n a trav\u00e9s de Metis Education con un 10% de descuento: 38xx \u20ac<br><\/h2>\t\t\t\t<\/div>\n\t\t\t\t<\/div>\n\t\t\t\t\t<\/div>\n\t\t\t\t<\/div>\n\t\t<div class=\"elementor-element elementor-element-745a492 gradient-color e-flex e-con-boxed e-con e-parent\" data-id=\"745a492\" data-element_type=\"container\" data-settings=\"{&quot;wcf_enable_cursor_hover_effect_text&quot;:&quot;View&quot;,&quot;wcf-animation&quot;:&quot;none&quot;,&quot;wcf_pin_breakpoint&quot;:&quot;mobile&quot;}\">\n\t\t\t\t\t<div class=\"e-con-inner\">\n\t\t\t\t<div class=\"elementor-element elementor-element-9574bb6 elementor-widget elementor-widget-spacer\" data-id=\"9574bb6\" data-element_type=\"widget\" data-settings=\"{&quot;wcf-animation&quot;:&quot;none&quot;}\" data-widget_type=\"spacer.default\">\n\t\t\t\t<div class=\"elementor-widget-container\">\n\t\t\t\t\t\t\t<div class=\"elementor-spacer\">\n\t\t\t<div class=\"elementor-spacer-inner\"><\/div>\n\t\t<\/div>\n\t\t\t\t\t\t<\/div>\n\t\t\t\t<\/div>\n\t\t\t\t\t<\/div>\n\t\t\t\t<\/div>\n\t\t<div class=\"elementor-element elementor-element-82a3d5f gradient-color e-flex e-con-boxed e-con e-parent\" data-id=\"82a3d5f\" data-element_type=\"container\" data-settings=\"{&quot;wcf_enable_cursor_hover_effect_text&quot;:&quot;View&quot;,&quot;wcf-animation&quot;:&quot;none&quot;,&quot;wcf_pin_breakpoint&quot;:&quot;mobile&quot;}\">\n\t\t\t\t\t<div class=\"e-con-inner\">\n\t\t\t\t<div class=\"elementor-element elementor-element-8e3d5ae elementor-widget elementor-widget-google_maps\" data-id=\"8e3d5ae\" data-element_type=\"widget\" data-settings=\"{&quot;wcf-animation&quot;:&quot;none&quot;}\" data-widget_type=\"google_maps.default\">\n\t\t\t\t<div class=\"elementor-widget-container\">\n\t\t\t\t\t\t\t<div class=\"elementor-custom-embed\">\n\t\t\t<iframe loading=\"lazy\"\n\t\t\t\t\tsrc=\"https:\/\/maps.google.com\/maps?q=%E4%BC%A6%E6%95%A6%E7%9C%BC%EF%BC%8C%E4%BC%A6%E6%95%A6%EF%BC%8C%E8%8B%B1%E5%9B%BD&#038;t=m&#038;z=10&#038;output=embed&#038;iwloc=near\"\n\t\t\t\t\ttitle=\"London Eye, Londres, Reino Unido\"\n\t\t\t\t\taria-label=\"London Eye, Londres, Reino Unido\"\n\t\t\t><\/iframe>\n\t\t<\/div>\n\t\t\t\t\t\t<\/div>\n\t\t\t\t<\/div>\n\t\t\t\t\t<\/div>\n\t\t\t\t<\/div>\n\t\t<div class=\"elementor-element elementor-element-8d7c73f gradient-color e-flex e-con-boxed e-con e-parent\" data-id=\"8d7c73f\" data-element_type=\"container\" data-settings=\"{&quot;wcf_enable_cursor_hover_effect_text&quot;:&quot;View&quot;,&quot;wcf-animation&quot;:&quot;none&quot;,&quot;wcf_pin_breakpoint&quot;:&quot;mobile&quot;}\">\n\t\t\t\t\t<div class=\"e-con-inner\">\n\t\t\t\t<div class=\"elementor-element elementor-element-a7e4c37 elementor-widget elementor-widget-spacer\" data-id=\"a7e4c37\" data-element_type=\"widget\" data-settings=\"{&quot;wcf-animation&quot;:&quot;none&quot;}\" data-widget_type=\"spacer.default\">\n\t\t\t\t<div class=\"elementor-widget-container\">\n\t\t\t\t\t\t\t<div class=\"elementor-spacer\">\n\t\t\t<div class=\"elementor-spacer-inner\"><\/div>\n\t\t<\/div>\n\t\t\t\t\t\t<\/div>\n\t\t\t\t<\/div>\n\t\t\t\t\t<\/div>\n\t\t\t\t<\/div>\n\t\t\t\t<\/div>","protected":false},"excerpt":{"rendered":"<p>Speakeasy Speakeasy\u521b\u7acb\u4e8e2001\u5e74\uff0c\u62e5\u6709\u4e30\u5bcc\u7684\u6559\u5b66\u7ecf\u9a8c\uff0c\u88ab\u516c\u8ba4\u4e3a\u897f\u73ed\u7259\u9876\u5c16\u8bed\u8a00\u5b66\u6821\u4e4b\u4e00\u3002\u5b66 [&hellip;]<\/p>","protected":false},"author":9,"featured_media":0,"parent":11575,"menu_order":0,"comment_status":"closed","ping_status":"closed","template":"elementor_header_footer","meta":{"footnotes":""},"categories":[55],"tags":[],"class_list":["post-11748","page","type-page","status-publish","hentry","category-55"],"_links":{"self":[{"href":"https:\/\/metiseducation.com\/es\/wp-json\/wp\/v2\/pages\/11748","targetHints":{"allow":["GET"]}}],"collection":[{"href":"https:\/\/metiseducation.com\/es\/wp-json\/wp\/v2\/pages"}],"about":[{"href":"https:\/\/metiseducation.com\/es\/wp-json\/wp\/v2\/types\/page"}],"author":[{"embeddable":true,"href":"https:\/\/metiseducation.com\/es\/wp-json\/wp\/v2\/users\/9"}],"replies":[{"embeddable":true,"href":"https:\/\/metiseducation.com\/es\/wp-json\/wp\/v2\/comments?post=11748"}],"version-history":[{"count":16,"href":"https:\/\/metiseducation.com\/es\/wp-json\/wp\/v2\/pages\/11748\/revisions"}],"predecessor-version":[{"id":12155,"href":"https:\/\/metiseducation.com\/es\/wp-json\/wp\/v2\/pages\/11748\/revisions\/12155"}],"up":[{"embeddable":true,"href":"https:\/\/metiseducation.com\/es\/wp-json\/wp\/v2\/pages\/11575"}],"wp:attachment":[{"href":"https:\/\/metiseducation.com\/es\/wp-json\/wp\/v2\/media?parent=11748"}],"wp:term":[{"taxonomy":"category","embeddable":true,"href":"https:\/\/metiseducation.com\/es\/wp-json\/wp\/v2\/categories?post=11748"},{"taxonomy":"post_tag","embeddable":true,"href":"https:\/\/metiseducation.com\/es\/wp-json\/wp\/v2\/tags?post=11748"}],"curies":[{"name":"wp","href":"https:\/\/api.w.org\/{rel}","templated":true}]}}