{"id":11812,"date":"2025-01-30T13:25:30","date_gmt":"2025-01-30T13:25:30","guid":{"rendered":"https:\/\/metiseducation.com\/?page_id=11812"},"modified":"2025-02-03T09:51:54","modified_gmt":"2025-02-03T08:51:54","slug":"don-quijote-m","status":"publish","type":"page","link":"https:\/\/metiseducation.com\/es\/madrid\/don-quijote-m\/","title":{"rendered":"Don Quijote-m"},"content":{"rendered":"<div data-elementor-type=\"wp-page\" data-elementor-id=\"11812\" class=\"elementor elementor-11812\" data-elementor-post-type=\"page\">\n\t\t\t\t<div class=\"elementor-element elementor-element-72096cd gradient-color e-flex e-con-boxed e-con e-parent\" data-id=\"72096cd\" data-element_type=\"container\" data-settings=\"{&quot;wcf_enable_cursor_hover_effect_text&quot;:&quot;View&quot;,&quot;background_background&quot;:&quot;classic&quot;,&quot;wcf-animation&quot;:&quot;none&quot;,&quot;wcf_pin_breakpoint&quot;:&quot;mobile&quot;}\">\n\t\t\t\t\t<div class=\"e-con-inner\">\n\t\t\t\t<div class=\"elementor-element elementor-element-99df643 wcf-t-animation-none elementor-widget elementor-widget-heading\" data-id=\"99df643\" data-element_type=\"widget\" data-settings=\"{&quot;wcf_text_animation&quot;:&quot;none&quot;,&quot;wcf-animation&quot;:&quot;none&quot;}\" data-widget_type=\"heading.default\">\n\t\t\t\t<div class=\"elementor-widget-container\">\n\t\t\t\t\t<h2 class=\"elementor-heading-title elementor-size-default\">Don Quijote <\/h2>\t\t\t\t<\/div>\n\t\t\t\t<\/div>\n\t\t\t\t<div class=\"elementor-element elementor-element-515da3b wcf-t-animation-none elementor-widget elementor-widget-heading\" data-id=\"515da3b\" data-element_type=\"widget\" data-settings=\"{&quot;wcf_text_animation&quot;:&quot;none&quot;,&quot;wcf-animation&quot;:&quot;none&quot;}\" data-widget_type=\"heading.default\">\n\t\t\t\t<div class=\"elementor-widget-container\">\n\t\t\t\t\t<h2 class=\"elementor-heading-title elementor-size-default\">Don Quijote se fund\u00f3 en la d\u00e9cada de 1980 y lleva casi 40 a\u00f1os ense\u00f1ando. Cuenta con 32 centros de ense\u00f1anza en Espa\u00f1a y Am\u00e9rica Latina. Cada a\u00f1o, m\u00e1s de 15.000 estudiantes de todo el mundo reciben clases de espa\u00f1ol. Como escuela de idiomas con m\u00e1s de 30 a\u00f1os de experiencia en la ense\u00f1anza del espa\u00f1ol y una reputaci\u00f3n internacional, el control de los alumnos es estricto y los estudiantes tienen un alto nivel de competencia al final de sus estudios. La escuela tiene sedes en las siguientes ciudades de Espa\u00f1a: Madrid, Barcelona, Valencia, Salamanca y Tenerife. Es posible cambiar de campus en cada ciudad.<\/h2>\t\t\t\t<\/div>\n\t\t\t\t<\/div>\n\t\t\t\t\t<\/div>\n\t\t\t\t<\/div>\n\t\t<div class=\"elementor-element elementor-element-01b7dce e-grid gradient-color e-con-boxed e-con e-parent\" data-id=\"01b7dce\" data-element_type=\"container\" data-settings=\"{&quot;wcf_enable_cursor_hover_effect_text&quot;:&quot;View&quot;,&quot;wcf-animation&quot;:&quot;none&quot;,&quot;wcf_pin_breakpoint&quot;:&quot;mobile&quot;}\">\n\t\t\t\t\t<div class=\"e-con-inner\">\n\t\t\t\t<div class=\"elementor-element elementor-element-d43a3d8 elementor-widget elementor-widget-image\" data-id=\"d43a3d8\" data-element_type=\"widget\" data-settings=\"{&quot;wcf-image-animation&quot;:&quot;none&quot;,&quot;wcf-animation&quot;:&quot;none&quot;}\" data-widget_type=\"image.default\">\n\t\t\t\t<div class=\"elementor-widget-container\">\n\t\t\t\t\t\t\t\t\t\t\t\t\t\t\t<img fetchpriority=\"high\" decoding=\"async\" width=\"460\" height=\"324\" src=\"https:\/\/metiseducation.com\/wp-content\/uploads\/2025\/01\/Don-Quijote.png\" class=\"attachment-large size-large wp-image-12194\" alt=\"\" srcset=\"https:\/\/metiseducation.com\/wp-content\/uploads\/2025\/01\/Don-Quijote.png 460w, https:\/\/metiseducation.com\/wp-content\/uploads\/2025\/01\/Don-Quijote-300x211.png 300w, https:\/\/metiseducation.com\/wp-content\/uploads\/2025\/01\/Don-Quijote-18x12.png 18w\" sizes=\"(max-width: 460px) 100vw, 460px\" \/>\t\t\t\t\t\t\t\t\t\t\t\t\t\t\t<\/div>\n\t\t\t\t<\/div>\n\t\t\t\t<div class=\"elementor-element elementor-element-87b75e5 elementor-widget elementor-widget-image\" data-id=\"87b75e5\" data-element_type=\"widget\" data-settings=\"{&quot;wcf-image-animation&quot;:&quot;none&quot;,&quot;wcf-animation&quot;:&quot;none&quot;}\" data-widget_type=\"image.default\">\n\t\t\t\t<div class=\"elementor-widget-container\">\n\t\t\t\t\t\t\t\t\t\t\t\t\t\t\t<img decoding=\"async\" width=\"646\" height=\"449\" src=\"https:\/\/metiseducation.com\/wp-content\/uploads\/2025\/01\/Don-Quijote1.png\" class=\"attachment-large size-large wp-image-12195\" alt=\"\" srcset=\"https:\/\/metiseducation.com\/wp-content\/uploads\/2025\/01\/Don-Quijote1.png 646w, https:\/\/metiseducation.com\/wp-content\/uploads\/2025\/01\/Don-Quijote1-300x209.png 300w, https:\/\/metiseducation.com\/wp-content\/uploads\/2025\/01\/Don-Quijote1-18x12.png 18w\" sizes=\"(max-width: 646px) 100vw, 646px\" \/>\t\t\t\t\t\t\t\t\t\t\t\t\t\t\t<\/div>\n\t\t\t\t<\/div>\n\t\t\t\t\t<\/div>\n\t\t\t\t<\/div>\n\t\t<div class=\"elementor-element elementor-element-642b6a8 gradient-color e-flex e-con-boxed e-con e-parent\" data-id=\"642b6a8\" data-element_type=\"container\" data-settings=\"{&quot;wcf_enable_cursor_hover_effect_text&quot;:&quot;View&quot;,&quot;wcf-animation&quot;:&quot;none&quot;,&quot;wcf_pin_breakpoint&quot;:&quot;mobile&quot;}\">\n\t\t\t\t\t<div class=\"e-con-inner\">\n\t\t\t\t<div class=\"elementor-element elementor-element-5c048ab elementor-widget elementor-widget-spacer\" data-id=\"5c048ab\" data-element_type=\"widget\" data-settings=\"{&quot;wcf-animation&quot;:&quot;none&quot;}\" data-widget_type=\"spacer.default\">\n\t\t\t\t<div class=\"elementor-widget-container\">\n\t\t\t\t\t\t\t<div class=\"elementor-spacer\">\n\t\t\t<div class=\"elementor-spacer-inner\"><\/div>\n\t\t<\/div>\n\t\t\t\t\t\t<\/div>\n\t\t\t\t<\/div>\n\t\t\t\t\t<\/div>\n\t\t\t\t<\/div>\n\t\t<div class=\"elementor-element elementor-element-2329e3f gradient-color e-flex e-con-boxed e-con e-parent\" data-id=\"2329e3f\" data-element_type=\"container\" data-settings=\"{&quot;wcf_enable_cursor_hover_effect_text&quot;:&quot;View&quot;,&quot;wcf-animation&quot;:&quot;none&quot;,&quot;wcf_pin_breakpoint&quot;:&quot;mobile&quot;}\">\n\t\t\t\t\t<div class=\"e-con-inner\">\n\t\t\t\t<div class=\"elementor-element elementor-element-fae96c9 wcf-t-animation-none elementor-widget elementor-widget-heading\" data-id=\"fae96c9\" data-element_type=\"widget\" data-settings=\"{&quot;wcf_text_animation&quot;:&quot;none&quot;,&quot;wcf-animation&quot;:&quot;none&quot;}\" data-widget_type=\"heading.default\">\n\t\t\t\t<div class=\"elementor-widget-container\">\n\t\t\t\t\t<h2 class=\"elementor-heading-title elementor-size-default\">2025 Matr\u00edcula de 40 semanas o m\u00e1s:\n<br>\ud83d\udfe1<span>40 semanas (32 semanas de curso + 8 semanas de vacaciones):<\/span><span>Precio oficial: 5760 euros; descuento del 15% en nombre de Metis Education: 48xx euros.<\/span><br><br>\ud83d\udfe1<span>42 semanas (34 semanas de curso + 8 semanas de vacaciones)<\/span><span>Precio oficial: 6.120 euros; 83% de descuento en nombre de Metis Education: 50xx euros.<\/span><br><br>\ud83d\udfe1<span>45 semanas (36 semanas de curso + 9 semanas de vacaciones)<\/span><span>Precio oficial: 6.480 euros; descuento del 83% en nombre de Metis Education: 53xx euros.<\/span><br><br>\ud83d\udfe1<span>48 semanas (39 semanas de curso + 9 semanas de vacaciones)<\/span><span>Precio oficial: 7020\u20ac; 83% de descuento en nombre de Metis Education: 58xx\u20ac.<\/span><br><br>\ud83d\udfe1<span>50 semanas (40 semanas de curso + 10 semanas de vacaciones)<\/span><span>Precio oficial: 7.200 euros; 83% de descuento en nombre de Metis Education: 59xx euros.<\/span><br><br>\ud83d\udfe1<span>52 semanas (42 semanas de curso + 10 semanas de vacaciones)<\/span><span>Precio oficial: 7.560 euros; 83% de descuento en nombre de Metis Education: 62xx euros.<\/span><span><\/span><br><\/h2>\t\t\t\t<\/div>\n\t\t\t\t<\/div>\n\t\t\t\t\t<\/div>\n\t\t\t\t<\/div>\n\t\t<div class=\"elementor-element elementor-element-745a492 gradient-color e-flex e-con-boxed e-con e-parent\" data-id=\"745a492\" data-element_type=\"container\" data-settings=\"{&quot;wcf_enable_cursor_hover_effect_text&quot;:&quot;View&quot;,&quot;wcf-animation&quot;:&quot;none&quot;,&quot;wcf_pin_breakpoint&quot;:&quot;mobile&quot;}\">\n\t\t\t\t\t<div class=\"e-con-inner\">\n\t\t\t\t<div class=\"elementor-element elementor-element-9574bb6 elementor-widget elementor-widget-spacer\" data-id=\"9574bb6\" data-element_type=\"widget\" data-settings=\"{&quot;wcf-animation&quot;:&quot;none&quot;}\" data-widget_type=\"spacer.default\">\n\t\t\t\t<div class=\"elementor-widget-container\">\n\t\t\t\t\t\t\t<div class=\"elementor-spacer\">\n\t\t\t<div class=\"elementor-spacer-inner\"><\/div>\n\t\t<\/div>\n\t\t\t\t\t\t<\/div>\n\t\t\t\t<\/div>\n\t\t\t\t\t<\/div>\n\t\t\t\t<\/div>\n\t\t<div class=\"elementor-element elementor-element-82a3d5f gradient-color e-flex e-con-boxed e-con e-parent\" data-id=\"82a3d5f\" data-element_type=\"container\" data-settings=\"{&quot;wcf_enable_cursor_hover_effect_text&quot;:&quot;View&quot;,&quot;wcf-animation&quot;:&quot;none&quot;,&quot;wcf_pin_breakpoint&quot;:&quot;mobile&quot;}\">\n\t\t\t\t\t<div class=\"e-con-inner\">\n\t\t\t\t<div class=\"elementor-element elementor-element-8e3d5ae elementor-widget elementor-widget-google_maps\" data-id=\"8e3d5ae\" data-element_type=\"widget\" data-settings=\"{&quot;wcf-animation&quot;:&quot;none&quot;}\" data-widget_type=\"google_maps.default\">\n\t\t\t\t<div class=\"elementor-widget-container\">\n\t\t\t\t\t\t\t<div class=\"elementor-custom-embed\">\n\t\t\t<iframe loading=\"lazy\"\n\t\t\t\t\tsrc=\"https:\/\/maps.google.com\/maps?q=%E4%BC%A6%E6%95%A6%E7%9C%BC%EF%BC%8C%E4%BC%A6%E6%95%A6%EF%BC%8C%E8%8B%B1%E5%9B%BD&#038;t=m&#038;z=10&#038;output=embed&#038;iwloc=near\"\n\t\t\t\t\ttitle=\"London Eye, Londres, Reino Unido\"\n\t\t\t\t\taria-label=\"London Eye, Londres, Reino Unido\"\n\t\t\t><\/iframe>\n\t\t<\/div>\n\t\t\t\t\t\t<\/div>\n\t\t\t\t<\/div>\n\t\t\t\t\t<\/div>\n\t\t\t\t<\/div>\n\t\t<div class=\"elementor-element elementor-element-8d7c73f gradient-color e-flex e-con-boxed e-con e-parent\" data-id=\"8d7c73f\" data-element_type=\"container\" data-settings=\"{&quot;wcf_enable_cursor_hover_effect_text&quot;:&quot;View&quot;,&quot;wcf-animation&quot;:&quot;none&quot;,&quot;wcf_pin_breakpoint&quot;:&quot;mobile&quot;}\">\n\t\t\t\t\t<div class=\"e-con-inner\">\n\t\t\t\t<div class=\"elementor-element elementor-element-a7e4c37 elementor-widget elementor-widget-spacer\" data-id=\"a7e4c37\" data-element_type=\"widget\" data-settings=\"{&quot;wcf-animation&quot;:&quot;none&quot;}\" data-widget_type=\"spacer.default\">\n\t\t\t\t<div class=\"elementor-widget-container\">\n\t\t\t\t\t\t\t<div class=\"elementor-spacer\">\n\t\t\t<div class=\"elementor-spacer-inner\"><\/div>\n\t\t<\/div>\n\t\t\t\t\t\t<\/div>\n\t\t\t\t<\/div>\n\t\t\t\t\t<\/div>\n\t\t\t\t<\/div>\n\t\t\t\t<\/div>","protected":false},"excerpt":{"rendered":"<p>Don Quijote Don Quijote \u5efa\u7acb\u4e8e1980\u5e74\u4ee3\uff0c\u62e5\u6709\u8fd140\u5e74\u7684\u6559\u5b66\u3002\u5728\u897f\u73ed\u7259\u548c\u62c9\u4e01\u7f8e\u6d32\u5f00\u8bbe [&hellip;]<\/p>","protected":false},"author":9,"featured_media":0,"parent":11580,"menu_order":0,"comment_status":"closed","ping_status":"closed","template":"elementor_header_footer","meta":{"footnotes":""},"categories":[54,56],"tags":[],"class_list":["post-11812","page","type-page","status-publish","hentry","category-54","category-56"],"_links":{"self":[{"href":"https:\/\/metiseducation.com\/es\/wp-json\/wp\/v2\/pages\/11812","targetHints":{"allow":["GET"]}}],"collection":[{"href":"https:\/\/metiseducation.com\/es\/wp-json\/wp\/v2\/pages"}],"about":[{"href":"https:\/\/metiseducation.com\/es\/wp-json\/wp\/v2\/types\/page"}],"author":[{"embeddable":true,"href":"https:\/\/metiseducation.com\/es\/wp-json\/wp\/v2\/users\/9"}],"replies":[{"embeddable":true,"href":"https:\/\/metiseducation.com\/es\/wp-json\/wp\/v2\/comments?post=11812"}],"version-history":[{"count":10,"href":"https:\/\/metiseducation.com\/es\/wp-json\/wp\/v2\/pages\/11812\/revisions"}],"predecessor-version":[{"id":12441,"href":"https:\/\/metiseducation.com\/es\/wp-json\/wp\/v2\/pages\/11812\/revisions\/12441"}],"up":[{"embeddable":true,"href":"https:\/\/metiseducation.com\/es\/wp-json\/wp\/v2\/pages\/11580"}],"wp:attachment":[{"href":"https:\/\/metiseducation.com\/es\/wp-json\/wp\/v2\/media?parent=11812"}],"wp:term":[{"taxonomy":"category","embeddable":true,"href":"https:\/\/metiseducation.com\/es\/wp-json\/wp\/v2\/categories?post=11812"},{"taxonomy":"post_tag","embeddable":true,"href":"https:\/\/metiseducation.com\/es\/wp-json\/wp\/v2\/tags?post=11812"}],"curies":[{"name":"wp","href":"https:\/\/api.w.org\/{rel}","templated":true}]}}