{"id":11822,"date":"2025-01-30T13:26:51","date_gmt":"2025-01-30T13:26:51","guid":{"rendered":"https:\/\/metiseducation.com\/?page_id=11822"},"modified":"2025-02-03T09:53:59","modified_gmt":"2025-02-03T08:53:59","slug":"international-house-madrid","status":"publish","type":"page","link":"https:\/\/metiseducation.com\/es\/madrid\/international-house-madrid\/","title":{"rendered":"International House Madrid"},"content":{"rendered":"<div data-elementor-type=\"wp-page\" data-elementor-id=\"11822\" class=\"elementor elementor-11822\" data-elementor-post-type=\"page\">\n\t\t\t\t<div class=\"elementor-element elementor-element-72096cd gradient-color e-flex e-con-boxed e-con e-parent\" data-id=\"72096cd\" data-element_type=\"container\" data-settings=\"{&quot;wcf_enable_cursor_hover_effect_text&quot;:&quot;View&quot;,&quot;background_background&quot;:&quot;classic&quot;,&quot;wcf-animation&quot;:&quot;none&quot;,&quot;wcf_pin_breakpoint&quot;:&quot;mobile&quot;}\">\n\t\t\t\t\t<div class=\"e-con-inner\">\n\t\t\t\t<div class=\"elementor-element elementor-element-99df643 wcf-t-animation-none elementor-widget elementor-widget-heading\" data-id=\"99df643\" data-element_type=\"widget\" data-settings=\"{&quot;wcf_text_animation&quot;:&quot;none&quot;,&quot;wcf-animation&quot;:&quot;none&quot;}\" data-widget_type=\"heading.default\">\n\t\t\t\t<div class=\"elementor-widget-container\">\n\t\t\t\t\t<h2 class=\"elementor-heading-title elementor-size-default\">International House Madrid<\/h2>\t\t\t\t<\/div>\n\t\t\t\t<\/div>\n\t\t\t\t<div class=\"elementor-element elementor-element-0f4a0d8 wcf-t-animation-none elementor-widget elementor-widget-heading\" data-id=\"0f4a0d8\" data-element_type=\"widget\" data-settings=\"{&quot;wcf_text_animation&quot;:&quot;none&quot;,&quot;wcf-animation&quot;:&quot;none&quot;}\" data-widget_type=\"heading.default\">\n\t\t\t\t<div class=\"elementor-widget-container\">\n\t\t\t\t\t<h2 class=\"elementor-heading-title elementor-size-default\">Fundada en 1981, International House Madrid (IH Madrid) es una prestigiosa escuela de espa\u00f1ol perteneciente a International House, una de las mayores organizaciones de ense\u00f1anza de idiomas del mundo. IH Madrid no es s\u00f3lo un \"Centro Acreditado del Instituto Cervantes\", una acreditaci\u00f3n espec\u00edfica para centros de ense\u00f1anza de espa\u00f1ol como lengua extranjera, que garantiza que la calidad de la ense\u00f1anza cumple con los est\u00e1ndares internacionales. Tambi\u00e9n es miembro de EAQUALS, IH Madrid es miembro de pleno derecho de la Asociaci\u00f3n Europea para la Calidad de los Servicios Ling\u00fc\u00edsticos (EAQUALS), la organizaci\u00f3n de este tipo m\u00e1s prestigiosa de Europa. Todo el equipo de profesores es nativo, posee las cualificaciones docentes pertinentes y cuenta con una amplia experiencia en la ense\u00f1anza.<\/h2>\t\t\t\t<\/div>\n\t\t\t\t<\/div>\n\t\t\t\t\t<\/div>\n\t\t\t\t<\/div>\n\t\t<div class=\"elementor-element elementor-element-01b7dce e-grid gradient-color e-con-boxed e-con e-parent\" data-id=\"01b7dce\" data-element_type=\"container\" data-settings=\"{&quot;wcf_enable_cursor_hover_effect_text&quot;:&quot;View&quot;,&quot;wcf-animation&quot;:&quot;none&quot;,&quot;wcf_pin_breakpoint&quot;:&quot;mobile&quot;}\">\n\t\t\t\t\t<div class=\"e-con-inner\">\n\t\t\t\t<div class=\"elementor-element elementor-element-d43a3d8 elementor-widget elementor-widget-image\" data-id=\"d43a3d8\" data-element_type=\"widget\" data-settings=\"{&quot;wcf-image-animation&quot;:&quot;none&quot;,&quot;wcf-animation&quot;:&quot;none&quot;}\" data-widget_type=\"image.default\">\n\t\t\t\t<div class=\"elementor-widget-container\">\n\t\t\t\t\t\t\t\t\t\t\t\t\t\t\t<img fetchpriority=\"high\" decoding=\"async\" width=\"800\" height=\"533\" src=\"https:\/\/metiseducation.com\/wp-content\/uploads\/2025\/01\/International-House-Madrid1-1024x682.jpg\" class=\"attachment-large size-large wp-image-12177\" alt=\"\" srcset=\"https:\/\/metiseducation.com\/wp-content\/uploads\/2025\/01\/International-House-Madrid1-1024x682.jpg 1024w, https:\/\/metiseducation.com\/wp-content\/uploads\/2025\/01\/International-House-Madrid1-300x200.jpg 300w, https:\/\/metiseducation.com\/wp-content\/uploads\/2025\/01\/International-House-Madrid1-768x511.jpg 768w, https:\/\/metiseducation.com\/wp-content\/uploads\/2025\/01\/International-House-Madrid1-18x12.jpg 18w, https:\/\/metiseducation.com\/wp-content\/uploads\/2025\/01\/International-House-Madrid1.jpg 1280w\" sizes=\"(max-width: 800px) 100vw, 800px\" \/>\t\t\t\t\t\t\t\t\t\t\t\t\t\t\t<\/div>\n\t\t\t\t<\/div>\n\t\t\t\t<div class=\"elementor-element elementor-element-87b75e5 elementor-widget elementor-widget-image\" data-id=\"87b75e5\" data-element_type=\"widget\" data-settings=\"{&quot;wcf-image-animation&quot;:&quot;none&quot;,&quot;wcf-animation&quot;:&quot;none&quot;}\" data-widget_type=\"image.default\">\n\t\t\t\t<div class=\"elementor-widget-container\">\n\t\t\t\t\t\t\t\t\t\t\t\t\t\t\t<img decoding=\"async\" width=\"790\" height=\"444\" src=\"https:\/\/metiseducation.com\/wp-content\/uploads\/2025\/01\/International-House-Madrid.jpg\" class=\"attachment-large size-large wp-image-12206\" alt=\"\" srcset=\"https:\/\/metiseducation.com\/wp-content\/uploads\/2025\/01\/International-House-Madrid.jpg 790w, https:\/\/metiseducation.com\/wp-content\/uploads\/2025\/01\/International-House-Madrid-300x169.jpg 300w, https:\/\/metiseducation.com\/wp-content\/uploads\/2025\/01\/International-House-Madrid-768x432.jpg 768w, https:\/\/metiseducation.com\/wp-content\/uploads\/2025\/01\/International-House-Madrid-18x10.jpg 18w\" sizes=\"(max-width: 790px) 100vw, 790px\" \/>\t\t\t\t\t\t\t\t\t\t\t\t\t\t\t<\/div>\n\t\t\t\t<\/div>\n\t\t\t\t\t<\/div>\n\t\t\t\t<\/div>\n\t\t<div class=\"elementor-element elementor-element-642b6a8 gradient-color e-flex e-con-boxed e-con e-parent\" data-id=\"642b6a8\" data-element_type=\"container\" data-settings=\"{&quot;wcf_enable_cursor_hover_effect_text&quot;:&quot;View&quot;,&quot;wcf-animation&quot;:&quot;none&quot;,&quot;wcf_pin_breakpoint&quot;:&quot;mobile&quot;}\">\n\t\t\t\t\t<div class=\"e-con-inner\">\n\t\t\t\t<div class=\"elementor-element elementor-element-5c048ab elementor-widget elementor-widget-spacer\" data-id=\"5c048ab\" data-element_type=\"widget\" data-settings=\"{&quot;wcf-animation&quot;:&quot;none&quot;}\" data-widget_type=\"spacer.default\">\n\t\t\t\t<div class=\"elementor-widget-container\">\n\t\t\t\t\t\t\t<div class=\"elementor-spacer\">\n\t\t\t<div class=\"elementor-spacer-inner\"><\/div>\n\t\t<\/div>\n\t\t\t\t\t\t<\/div>\n\t\t\t\t<\/div>\n\t\t\t\t\t<\/div>\n\t\t\t\t<\/div>\n\t\t<div class=\"elementor-element elementor-element-48232c4 gradient-color e-flex e-con-boxed e-con e-parent\" data-id=\"48232c4\" data-element_type=\"container\" data-settings=\"{&quot;wcf_enable_cursor_hover_effect_text&quot;:&quot;View&quot;,&quot;wcf-animation&quot;:&quot;none&quot;,&quot;wcf_pin_breakpoint&quot;:&quot;mobile&quot;}\">\n\t\t\t\t\t<div class=\"e-con-inner\">\n\t\t\t\t<div class=\"elementor-element elementor-element-4a8db04 wcf-t-animation-none elementor-widget elementor-widget-heading\" data-id=\"4a8db04\" data-element_type=\"widget\" data-settings=\"{&quot;wcf_text_animation&quot;:&quot;none&quot;,&quot;wcf-animation&quot;:&quot;none&quot;}\" data-widget_type=\"heading.default\">\n\t\t\t\t<div class=\"elementor-widget-container\">\n\t\t\t\t\t<h2 class=\"elementor-heading-title elementor-size-default\">2025 Matr\u00edcula de 40 semanas o m\u00e1s:\n<br>\ud83d\udfe1<span>40 semanas (37 semanas de curso + 3 semanas de vacaciones):<\/span><span>Precio oficial: 6.845 euros; descuento del 86% en nombre de Murtis Education: 58xx euros.<\/span><br>\ud83d\udfe142 semanas (39 semanas de curso + 3 semanas de vacaciones):<span>Precio oficial: 7215 euros; descuento del 15% en nombre de Murtis Education: 61xx euros.<\/span>\n<br>\ud83d\udfe145 semanas (41 semanas de cursos + 4 semanas de vacaciones): precio oficial: 7.585 euros; 15% de descuento en nombre de Mertis Education: 64xx euros\n<br>\ud83d\udfe148 semanas (44 semanas de cursos + 4 semanas de vacaciones): precio oficial: 8140 euros; 15% de descuento en nombre de Mertis Education: 69xx euros\n<br>\ud83d\udfe148 semanas (46 semanas de cursos + 4 semanas de vacaciones): precio oficial: 8510 euros; 15% de descuento en nombre de Mertis Education: 72xx euros\n<br>\ud83d\udfe152 semanas (48 semanas de cursos + 4 semanas de vacaciones): precio oficial: 8880\u20ac; 15% de descuento por cuenta de Mertis Education: 75xx\u20ac.<\/h2>\t\t\t\t<\/div>\n\t\t\t\t<\/div>\n\t\t\t\t\t<\/div>\n\t\t\t\t<\/div>\n\t\t<div class=\"elementor-element elementor-element-745a492 gradient-color e-flex e-con-boxed e-con e-parent\" data-id=\"745a492\" data-element_type=\"container\" data-settings=\"{&quot;wcf_enable_cursor_hover_effect_text&quot;:&quot;View&quot;,&quot;wcf-animation&quot;:&quot;none&quot;,&quot;wcf_pin_breakpoint&quot;:&quot;mobile&quot;}\">\n\t\t\t\t\t<div class=\"e-con-inner\">\n\t\t\t\t<div class=\"elementor-element elementor-element-9574bb6 elementor-widget elementor-widget-spacer\" data-id=\"9574bb6\" data-element_type=\"widget\" data-settings=\"{&quot;wcf-animation&quot;:&quot;none&quot;}\" data-widget_type=\"spacer.default\">\n\t\t\t\t<div class=\"elementor-widget-container\">\n\t\t\t\t\t\t\t<div class=\"elementor-spacer\">\n\t\t\t<div class=\"elementor-spacer-inner\"><\/div>\n\t\t<\/div>\n\t\t\t\t\t\t<\/div>\n\t\t\t\t<\/div>\n\t\t\t\t\t<\/div>\n\t\t\t\t<\/div>\n\t\t<div class=\"elementor-element elementor-element-82a3d5f gradient-color e-flex e-con-boxed e-con e-parent\" data-id=\"82a3d5f\" data-element_type=\"container\" data-settings=\"{&quot;wcf_enable_cursor_hover_effect_text&quot;:&quot;View&quot;,&quot;wcf-animation&quot;:&quot;none&quot;,&quot;wcf_pin_breakpoint&quot;:&quot;mobile&quot;}\">\n\t\t\t\t\t<div class=\"e-con-inner\">\n\t\t\t\t<div class=\"elementor-element elementor-element-8e3d5ae elementor-widget elementor-widget-google_maps\" data-id=\"8e3d5ae\" data-element_type=\"widget\" data-settings=\"{&quot;wcf-animation&quot;:&quot;none&quot;}\" data-widget_type=\"google_maps.default\">\n\t\t\t\t<div class=\"elementor-widget-container\">\n\t\t\t\t\t\t\t<div class=\"elementor-custom-embed\">\n\t\t\t<iframe loading=\"lazy\"\n\t\t\t\t\tsrc=\"https:\/\/maps.google.com\/maps?q=%E4%BC%A6%E6%95%A6%E7%9C%BC%EF%BC%8C%E4%BC%A6%E6%95%A6%EF%BC%8C%E8%8B%B1%E5%9B%BD&#038;t=m&#038;z=10&#038;output=embed&#038;iwloc=near\"\n\t\t\t\t\ttitle=\"London Eye, Londres, Reino Unido\"\n\t\t\t\t\taria-label=\"London Eye, Londres, Reino Unido\"\n\t\t\t><\/iframe>\n\t\t<\/div>\n\t\t\t\t\t\t<\/div>\n\t\t\t\t<\/div>\n\t\t\t\t\t<\/div>\n\t\t\t\t<\/div>\n\t\t<div class=\"elementor-element elementor-element-8d7c73f gradient-color e-flex e-con-boxed e-con e-parent\" data-id=\"8d7c73f\" data-element_type=\"container\" data-settings=\"{&quot;wcf_enable_cursor_hover_effect_text&quot;:&quot;View&quot;,&quot;wcf-animation&quot;:&quot;none&quot;,&quot;wcf_pin_breakpoint&quot;:&quot;mobile&quot;}\">\n\t\t\t\t\t<div class=\"e-con-inner\">\n\t\t\t\t<div class=\"elementor-element elementor-element-a7e4c37 elementor-widget elementor-widget-spacer\" data-id=\"a7e4c37\" data-element_type=\"widget\" data-settings=\"{&quot;wcf-animation&quot;:&quot;none&quot;}\" data-widget_type=\"spacer.default\">\n\t\t\t\t<div class=\"elementor-widget-container\">\n\t\t\t\t\t\t\t<div class=\"elementor-spacer\">\n\t\t\t<div class=\"elementor-spacer-inner\"><\/div>\n\t\t<\/div>\n\t\t\t\t\t\t<\/div>\n\t\t\t\t<\/div>\n\t\t\t\t\t<\/div>\n\t\t\t\t<\/div>\n\t\t\t\t<\/div>","protected":false},"excerpt":{"rendered":"<p>International House Madrid International House Madrid\uff08I [&hellip;]<\/p>","protected":false},"author":9,"featured_media":0,"parent":11580,"menu_order":0,"comment_status":"closed","ping_status":"closed","template":"elementor_header_footer","meta":{"footnotes":""},"categories":[54,56],"tags":[],"class_list":["post-11822","page","type-page","status-publish","hentry","category-54","category-56"],"_links":{"self":[{"href":"https:\/\/metiseducation.com\/es\/wp-json\/wp\/v2\/pages\/11822","targetHints":{"allow":["GET"]}}],"collection":[{"href":"https:\/\/metiseducation.com\/es\/wp-json\/wp\/v2\/pages"}],"about":[{"href":"https:\/\/metiseducation.com\/es\/wp-json\/wp\/v2\/types\/page"}],"author":[{"embeddable":true,"href":"https:\/\/metiseducation.com\/es\/wp-json\/wp\/v2\/users\/9"}],"replies":[{"embeddable":true,"href":"https:\/\/metiseducation.com\/es\/wp-json\/wp\/v2\/comments?post=11822"}],"version-history":[{"count":16,"href":"https:\/\/metiseducation.com\/es\/wp-json\/wp\/v2\/pages\/11822\/revisions"}],"predecessor-version":[{"id":12450,"href":"https:\/\/metiseducation.com\/es\/wp-json\/wp\/v2\/pages\/11822\/revisions\/12450"}],"up":[{"embeddable":true,"href":"https:\/\/metiseducation.com\/es\/wp-json\/wp\/v2\/pages\/11580"}],"wp:attachment":[{"href":"https:\/\/metiseducation.com\/es\/wp-json\/wp\/v2\/media?parent=11822"}],"wp:term":[{"taxonomy":"category","embeddable":true,"href":"https:\/\/metiseducation.com\/es\/wp-json\/wp\/v2\/categories?post=11822"},{"taxonomy":"post_tag","embeddable":true,"href":"https:\/\/metiseducation.com\/es\/wp-json\/wp\/v2\/tags?post=11822"}],"curies":[{"name":"wp","href":"https:\/\/api.w.org\/{rel}","templated":true}]}}