{"id":11826,"date":"2025-01-30T13:27:26","date_gmt":"2025-01-30T13:27:26","guid":{"rendered":"https:\/\/metiseducation.com\/?page_id=11826"},"modified":"2025-01-31T11:09:38","modified_gmt":"2025-01-31T11:09:38","slug":"linguaschool","status":"publish","type":"page","link":"https:\/\/metiseducation.com\/es\/madrid\/linguaschool\/","title":{"rendered":"Linguaschool"},"content":{"rendered":"<div data-elementor-type=\"wp-page\" data-elementor-id=\"11826\" class=\"elementor elementor-11826\" data-elementor-post-type=\"page\">\n\t\t\t\t<div class=\"elementor-element elementor-element-72096cd gradient-color e-flex e-con-boxed e-con e-parent\" data-id=\"72096cd\" data-element_type=\"container\" data-settings=\"{&quot;wcf_enable_cursor_hover_effect_text&quot;:&quot;View&quot;,&quot;background_background&quot;:&quot;classic&quot;,&quot;wcf-animation&quot;:&quot;none&quot;,&quot;wcf_pin_breakpoint&quot;:&quot;mobile&quot;}\">\n\t\t\t\t\t<div class=\"e-con-inner\">\n\t\t\t\t<div class=\"elementor-element elementor-element-99df643 wcf-t-animation-none elementor-widget elementor-widget-heading\" data-id=\"99df643\" data-element_type=\"widget\" data-settings=\"{&quot;wcf_text_animation&quot;:&quot;none&quot;,&quot;wcf-animation&quot;:&quot;none&quot;}\" data-widget_type=\"heading.default\">\n\t\t\t\t<div class=\"elementor-widget-container\">\n\t\t\t\t\t<h2 class=\"elementor-heading-title elementor-size-default\">Linguaschool<\/h2>\t\t\t\t<\/div>\n\t\t\t\t<\/div>\n\t\t\t\t<div class=\"elementor-element elementor-element-e1a4036 wcf-t-animation-none elementor-widget elementor-widget-heading\" data-id=\"e1a4036\" data-element_type=\"widget\" data-settings=\"{&quot;wcf_text_animation&quot;:&quot;none&quot;,&quot;wcf-animation&quot;:&quot;none&quot;}\" data-widget_type=\"heading.default\">\n\t\t\t\t<div class=\"elementor-widget-container\">\n\t\t\t\t\t<h2 class=\"elementor-heading-title elementor-size-default\">Linguaschool est\u00e1 situada en el centro de Madrid, cerca de la Puerta del Sol, en un barrio animado con f\u00e1cil acceso al transporte p\u00fablico. Nuestras instalaciones incluyen 5 aulas modernas y luminosas con aire acondicionado y pantallas digitales, proporcionando un ambiente de aprendizaje confortable. La escuela ofrece una amplia gama de cursos para satisfacer las diferentes necesidades de nuestros estudiantes. La escuela organiza regularmente actividades culturales como visitas guiadas a la ciudad, museos y clases de cocina para ayudar a los estudiantes a conocer mejor la cultura espa\u00f1ola.<\/h2>\t\t\t\t<\/div>\n\t\t\t\t<\/div>\n\t\t\t\t\t<\/div>\n\t\t\t\t<\/div>\n\t\t<div class=\"elementor-element elementor-element-01b7dce e-grid gradient-color e-con-boxed e-con e-parent\" data-id=\"01b7dce\" data-element_type=\"container\" data-settings=\"{&quot;wcf_enable_cursor_hover_effect_text&quot;:&quot;View&quot;,&quot;wcf-animation&quot;:&quot;none&quot;,&quot;wcf_pin_breakpoint&quot;:&quot;mobile&quot;}\">\n\t\t\t\t\t<div class=\"e-con-inner\">\n\t\t\t\t<div class=\"elementor-element elementor-element-d43a3d8 elementor-widget elementor-widget-image\" data-id=\"d43a3d8\" data-element_type=\"widget\" data-settings=\"{&quot;wcf-image-animation&quot;:&quot;none&quot;,&quot;wcf-animation&quot;:&quot;none&quot;}\" data-widget_type=\"image.default\">\n\t\t\t\t<div class=\"elementor-widget-container\">\n\t\t\t\t\t\t\t\t\t\t\t\t\t\t\t<img fetchpriority=\"high\" decoding=\"async\" width=\"675\" height=\"500\" src=\"https:\/\/metiseducation.com\/wp-content\/uploads\/2025\/01\/Linguaschool.png\" class=\"attachment-large size-large wp-image-12178\" alt=\"\" srcset=\"https:\/\/metiseducation.com\/wp-content\/uploads\/2025\/01\/Linguaschool.png 675w, https:\/\/metiseducation.com\/wp-content\/uploads\/2025\/01\/Linguaschool-300x222.png 300w, https:\/\/metiseducation.com\/wp-content\/uploads\/2025\/01\/Linguaschool-16x12.png 16w\" sizes=\"(max-width: 675px) 100vw, 675px\" \/>\t\t\t\t\t\t\t\t\t\t\t\t\t\t\t<\/div>\n\t\t\t\t<\/div>\n\t\t\t\t<div class=\"elementor-element elementor-element-87b75e5 elementor-widget elementor-widget-image\" data-id=\"87b75e5\" data-element_type=\"widget\" data-settings=\"{&quot;wcf-image-animation&quot;:&quot;none&quot;,&quot;wcf-animation&quot;:&quot;none&quot;}\" data-widget_type=\"image.default\">\n\t\t\t\t<div class=\"elementor-widget-container\">\n\t\t\t\t\t\t\t\t\t\t\t\t\t\t\t<img decoding=\"async\" width=\"800\" height=\"534\" src=\"https:\/\/metiseducation.com\/wp-content\/uploads\/2025\/01\/Linguaschool1-1024x683.webp\" class=\"attachment-large size-large wp-image-12179\" alt=\"\" srcset=\"https:\/\/metiseducation.com\/wp-content\/uploads\/2025\/01\/Linguaschool1-1024x683.webp 1024w, https:\/\/metiseducation.com\/wp-content\/uploads\/2025\/01\/Linguaschool1-300x200.webp 300w, https:\/\/metiseducation.com\/wp-content\/uploads\/2025\/01\/Linguaschool1-768x512.webp 768w, https:\/\/metiseducation.com\/wp-content\/uploads\/2025\/01\/Linguaschool1-18x12.webp 18w, https:\/\/metiseducation.com\/wp-content\/uploads\/2025\/01\/Linguaschool1.webp 1200w\" sizes=\"(max-width: 800px) 100vw, 800px\" \/>\t\t\t\t\t\t\t\t\t\t\t\t\t\t\t<\/div>\n\t\t\t\t<\/div>\n\t\t\t\t\t<\/div>\n\t\t\t\t<\/div>\n\t\t<div class=\"elementor-element elementor-element-642b6a8 gradient-color e-flex e-con-boxed e-con e-parent\" data-id=\"642b6a8\" data-element_type=\"container\" data-settings=\"{&quot;wcf_enable_cursor_hover_effect_text&quot;:&quot;View&quot;,&quot;wcf-animation&quot;:&quot;none&quot;,&quot;wcf_pin_breakpoint&quot;:&quot;mobile&quot;}\">\n\t\t\t\t\t<div class=\"e-con-inner\">\n\t\t\t\t<div class=\"elementor-element elementor-element-5c048ab elementor-widget elementor-widget-spacer\" data-id=\"5c048ab\" data-element_type=\"widget\" data-settings=\"{&quot;wcf-animation&quot;:&quot;none&quot;}\" data-widget_type=\"spacer.default\">\n\t\t\t\t<div class=\"elementor-widget-container\">\n\t\t\t\t\t\t\t<div class=\"elementor-spacer\">\n\t\t\t<div class=\"elementor-spacer-inner\"><\/div>\n\t\t<\/div>\n\t\t\t\t\t\t<\/div>\n\t\t\t\t<\/div>\n\t\t\t\t\t<\/div>\n\t\t\t\t<\/div>\n\t\t<div class=\"elementor-element elementor-element-42a9003 gradient-color e-flex e-con-boxed e-con e-parent\" data-id=\"42a9003\" data-element_type=\"container\" data-settings=\"{&quot;wcf_enable_cursor_hover_effect_text&quot;:&quot;View&quot;,&quot;wcf-animation&quot;:&quot;none&quot;,&quot;wcf_pin_breakpoint&quot;:&quot;mobile&quot;}\">\n\t\t\t\t\t<div class=\"e-con-inner\">\n\t\t\t\t<div class=\"elementor-element elementor-element-5cbb1aa wcf-t-animation-none elementor-widget elementor-widget-heading\" data-id=\"5cbb1aa\" data-element_type=\"widget\" data-settings=\"{&quot;wcf_text_animation&quot;:&quot;none&quot;,&quot;wcf-animation&quot;:&quot;none&quot;}\" data-widget_type=\"heading.default\">\n\t\t\t\t<div class=\"elementor-widget-container\">\n\t\t\t\t\t<h2 class=\"elementor-heading-title elementor-size-default translation-block\">2025 Matr\u00edcula para m\u00e1s de 40 semanas:<br>  \n\ud83d\udfe1 40 semanas:  \nPrecio oficial: 4800\u20ac; Precio con Metis Education (descuento del 14%): 41xx\u20ac<br>  \n\ud83d\udfe1 42 semanas:  \nPrecio oficial: 5040\u20ac; Precio con Metis Education (descuento del 15%): 42xx\u20ac<br>  \n\ud83d\udfe1 45 semanas:  \nPrecio oficial: 5400\u20ac; Precio con Metis Education (descuento del 15%): 45xx\u20ac<br>  \n\ud83d\udfe1 48 semanas:  \nPrecio oficial: 5760\u20ac; Precio con Metis Education (descuento del 15%): 48xx\u20ac<br>  \n\ud83d\udfe1 50 semanas:  \nPrecio oficial: 6000\u20ac; Precio con Metis Education (descuento del 15%): 51xx\u20ac<br>  \n\ud83d\udfe1 52 semanas:  \nPrecio oficial: 5460\u20ac; Precio con Metis Education (descuento del 15%): 46xx\u20ac<\/h2>\t\t\t\t<\/div>\n\t\t\t\t<\/div>\n\t\t\t\t\t<\/div>\n\t\t\t\t<\/div>\n\t\t<div class=\"elementor-element elementor-element-745a492 gradient-color e-flex e-con-boxed e-con e-parent\" data-id=\"745a492\" data-element_type=\"container\" data-settings=\"{&quot;wcf_enable_cursor_hover_effect_text&quot;:&quot;View&quot;,&quot;wcf-animation&quot;:&quot;none&quot;,&quot;wcf_pin_breakpoint&quot;:&quot;mobile&quot;}\">\n\t\t\t\t\t<div class=\"e-con-inner\">\n\t\t\t\t<div class=\"elementor-element elementor-element-9574bb6 elementor-widget elementor-widget-spacer\" data-id=\"9574bb6\" data-element_type=\"widget\" data-settings=\"{&quot;wcf-animation&quot;:&quot;none&quot;}\" data-widget_type=\"spacer.default\">\n\t\t\t\t<div class=\"elementor-widget-container\">\n\t\t\t\t\t\t\t<div class=\"elementor-spacer\">\n\t\t\t<div class=\"elementor-spacer-inner\"><\/div>\n\t\t<\/div>\n\t\t\t\t\t\t<\/div>\n\t\t\t\t<\/div>\n\t\t\t\t\t<\/div>\n\t\t\t\t<\/div>\n\t\t<div class=\"elementor-element elementor-element-82a3d5f gradient-color e-flex e-con-boxed e-con e-parent\" data-id=\"82a3d5f\" data-element_type=\"container\" data-settings=\"{&quot;wcf_enable_cursor_hover_effect_text&quot;:&quot;View&quot;,&quot;wcf-animation&quot;:&quot;none&quot;,&quot;wcf_pin_breakpoint&quot;:&quot;mobile&quot;}\">\n\t\t\t\t\t<div class=\"e-con-inner\">\n\t\t\t\t<div class=\"elementor-element elementor-element-8e3d5ae elementor-widget elementor-widget-google_maps\" data-id=\"8e3d5ae\" data-element_type=\"widget\" data-settings=\"{&quot;wcf-animation&quot;:&quot;none&quot;}\" data-widget_type=\"google_maps.default\">\n\t\t\t\t<div class=\"elementor-widget-container\">\n\t\t\t\t\t\t\t<div class=\"elementor-custom-embed\">\n\t\t\t<iframe loading=\"lazy\"\n\t\t\t\t\tsrc=\"https:\/\/maps.google.com\/maps?q=%E4%BC%A6%E6%95%A6%E7%9C%BC%EF%BC%8C%E4%BC%A6%E6%95%A6%EF%BC%8C%E8%8B%B1%E5%9B%BD&#038;t=m&#038;z=10&#038;output=embed&#038;iwloc=near\"\n\t\t\t\t\ttitle=\"London Eye, Londres, Reino Unido\"\n\t\t\t\t\taria-label=\"London Eye, Londres, Reino Unido\"\n\t\t\t><\/iframe>\n\t\t<\/div>\n\t\t\t\t\t\t<\/div>\n\t\t\t\t<\/div>\n\t\t\t\t\t<\/div>\n\t\t\t\t<\/div>\n\t\t<div class=\"elementor-element elementor-element-8d7c73f gradient-color e-flex e-con-boxed e-con e-parent\" data-id=\"8d7c73f\" data-element_type=\"container\" data-settings=\"{&quot;wcf_enable_cursor_hover_effect_text&quot;:&quot;View&quot;,&quot;wcf-animation&quot;:&quot;none&quot;,&quot;wcf_pin_breakpoint&quot;:&quot;mobile&quot;}\">\n\t\t\t\t\t<div class=\"e-con-inner\">\n\t\t\t\t<div class=\"elementor-element elementor-element-a7e4c37 elementor-widget elementor-widget-spacer\" data-id=\"a7e4c37\" data-element_type=\"widget\" data-settings=\"{&quot;wcf-animation&quot;:&quot;none&quot;}\" data-widget_type=\"spacer.default\">\n\t\t\t\t<div class=\"elementor-widget-container\">\n\t\t\t\t\t\t\t<div class=\"elementor-spacer\">\n\t\t\t<div class=\"elementor-spacer-inner\"><\/div>\n\t\t<\/div>\n\t\t\t\t\t\t<\/div>\n\t\t\t\t<\/div>\n\t\t\t\t\t<\/div>\n\t\t\t\t<\/div>\n\t\t\t\t<\/div>","protected":false},"excerpt":{"rendered":"<p>Linguaschool Linguaschool\u5b66\u6821\u5750\u843d\u4e8e\u9a6c\u5fb7\u91cc\u5e02\u4e2d\u5fc3\uff0c\u9760\u8fd1\u592a\u9633\u95e8\u5e7f\u573a\uff0c\u5468\u8fb9\u5145\u6ee1\u6d3b\u529b\uff0c\u4ea4\u901a\u4fbf [&hellip;]<\/p>","protected":false},"author":9,"featured_media":0,"parent":11580,"menu_order":0,"comment_status":"closed","ping_status":"closed","template":"elementor_header_footer","meta":{"footnotes":""},"categories":[54,56],"tags":[],"class_list":["post-11826","page","type-page","status-publish","hentry","category-54","category-56"],"_links":{"self":[{"href":"https:\/\/metiseducation.com\/es\/wp-json\/wp\/v2\/pages\/11826","targetHints":{"allow":["GET"]}}],"collection":[{"href":"https:\/\/metiseducation.com\/es\/wp-json\/wp\/v2\/pages"}],"about":[{"href":"https:\/\/metiseducation.com\/es\/wp-json\/wp\/v2\/types\/page"}],"author":[{"embeddable":true,"href":"https:\/\/metiseducation.com\/es\/wp-json\/wp\/v2\/users\/9"}],"replies":[{"embeddable":true,"href":"https:\/\/metiseducation.com\/es\/wp-json\/wp\/v2\/comments?post=11826"}],"version-history":[{"count":7,"href":"https:\/\/metiseducation.com\/es\/wp-json\/wp\/v2\/pages\/11826\/revisions"}],"predecessor-version":[{"id":12252,"href":"https:\/\/metiseducation.com\/es\/wp-json\/wp\/v2\/pages\/11826\/revisions\/12252"}],"up":[{"embeddable":true,"href":"https:\/\/metiseducation.com\/es\/wp-json\/wp\/v2\/pages\/11580"}],"wp:attachment":[{"href":"https:\/\/metiseducation.com\/es\/wp-json\/wp\/v2\/media?parent=11826"}],"wp:term":[{"taxonomy":"category","embeddable":true,"href":"https:\/\/metiseducation.com\/es\/wp-json\/wp\/v2\/categories?post=11826"},{"taxonomy":"post_tag","embeddable":true,"href":"https:\/\/metiseducation.com\/es\/wp-json\/wp\/v2\/tags?post=11826"}],"curies":[{"name":"wp","href":"https:\/\/api.w.org\/{rel}","templated":true}]}}