{"id":11830,"date":"2025-01-30T13:28:25","date_gmt":"2025-01-30T13:28:25","guid":{"rendered":"https:\/\/metiseducation.com\/?page_id=11830"},"modified":"2025-01-31T11:14:01","modified_gmt":"2025-01-31T11:14:01","slug":"proyecto-espanol-m","status":"publish","type":"page","link":"https:\/\/metiseducation.com\/es\/madrid\/proyecto-espanol-m\/","title":{"rendered":"Proyecto Espa\u00f1ol-m"},"content":{"rendered":"<div data-elementor-type=\"wp-page\" data-elementor-id=\"11830\" class=\"elementor elementor-11830\" data-elementor-post-type=\"page\">\n\t\t\t\t<div class=\"elementor-element elementor-element-72096cd gradient-color e-flex e-con-boxed e-con e-parent\" data-id=\"72096cd\" data-element_type=\"container\" data-settings=\"{&quot;wcf_enable_cursor_hover_effect_text&quot;:&quot;View&quot;,&quot;background_background&quot;:&quot;classic&quot;,&quot;wcf-animation&quot;:&quot;none&quot;,&quot;wcf_pin_breakpoint&quot;:&quot;mobile&quot;}\">\n\t\t\t\t\t<div class=\"e-con-inner\">\n\t\t\t\t<div class=\"elementor-element elementor-element-99df643 wcf-t-animation-none elementor-widget elementor-widget-heading\" data-id=\"99df643\" data-element_type=\"widget\" data-settings=\"{&quot;wcf_text_animation&quot;:&quot;none&quot;,&quot;wcf-animation&quot;:&quot;none&quot;}\" data-widget_type=\"heading.default\">\n\t\t\t\t<div class=\"elementor-widget-container\">\n\t\t\t\t\t<h2 class=\"elementor-heading-title elementor-size-default\">Proyecto Espa\u00f1ol<\/h2>\t\t\t\t<\/div>\n\t\t\t\t<\/div>\n\t\t\t\t<div class=\"elementor-element elementor-element-7aeb6e7 wcf-t-animation-none elementor-widget elementor-widget-heading\" data-id=\"7aeb6e7\" data-element_type=\"widget\" data-settings=\"{&quot;wcf_text_animation&quot;:&quot;none&quot;,&quot;wcf-animation&quot;:&quot;none&quot;}\" data-widget_type=\"heading.default\">\n\t\t\t\t<div class=\"elementor-widget-container\">\n\t\t\t\t\t<h2 class=\"elementor-heading-title elementor-size-default\">Proyecto Espa\u00f1ol est\u00e1 especializado en la ense\u00f1anza del espa\u00f1ol y cuenta con sedes en Barcelona, Alicante y Granada, est\u00e1 acreditado por el Instituto Cervantes y reconocido por el CSN de Suecia y el programa \"Bildungsurlaub\" de Alemania. La escuela promueve un aprendizaje inmersivo, con escenarios y actividades de la vida real que permiten a los estudiantes adquirir el idioma de forma m\u00e1s natural. Todos nuestros profesores son hablantes nativos de espa\u00f1ol con cualificaciones profesionales y una gran experiencia. El campus dispone de un excelente entorno con amplias aulas, equipos audiovisuales, Wi-Fi, salas de ordenadores, biblioteca y zonas de descanso. El campus de Barcelona est\u00e1 convenientemente situado en el distrito del Eixample, rodeado de atracciones, restaurantes y centros comerciales. <\/h2>\t\t\t\t<\/div>\n\t\t\t\t<\/div>\n\t\t\t\t\t<\/div>\n\t\t\t\t<\/div>\n\t\t<div class=\"elementor-element elementor-element-01b7dce e-grid gradient-color e-con-boxed e-con e-parent\" data-id=\"01b7dce\" data-element_type=\"container\" data-settings=\"{&quot;wcf_enable_cursor_hover_effect_text&quot;:&quot;View&quot;,&quot;wcf-animation&quot;:&quot;none&quot;,&quot;wcf_pin_breakpoint&quot;:&quot;mobile&quot;}\">\n\t\t\t\t\t<div class=\"e-con-inner\">\n\t\t\t\t<div class=\"elementor-element elementor-element-d43a3d8 elementor-widget elementor-widget-image\" data-id=\"d43a3d8\" data-element_type=\"widget\" data-settings=\"{&quot;wcf-image-animation&quot;:&quot;none&quot;,&quot;wcf-animation&quot;:&quot;none&quot;}\" data-widget_type=\"image.default\">\n\t\t\t\t<div class=\"elementor-widget-container\">\n\t\t\t\t\t\t\t\t\t\t\t\t\t\t\t<img fetchpriority=\"high\" decoding=\"async\" width=\"800\" height=\"505\" src=\"https:\/\/metiseducation.com\/wp-content\/uploads\/2025\/01\/Proyecto-Espanol-1024x646.jpg\" class=\"attachment-large size-large wp-image-12184\" alt=\"\" srcset=\"https:\/\/metiseducation.com\/wp-content\/uploads\/2025\/01\/Proyecto-Espanol-1024x646.jpg 1024w, https:\/\/metiseducation.com\/wp-content\/uploads\/2025\/01\/Proyecto-Espanol-300x189.jpg 300w, https:\/\/metiseducation.com\/wp-content\/uploads\/2025\/01\/Proyecto-Espanol-768x484.jpg 768w, https:\/\/metiseducation.com\/wp-content\/uploads\/2025\/01\/Proyecto-Espanol-18x12.jpg 18w, https:\/\/metiseducation.com\/wp-content\/uploads\/2025\/01\/Proyecto-Espanol.jpg 1280w\" sizes=\"(max-width: 800px) 100vw, 800px\" \/>\t\t\t\t\t\t\t\t\t\t\t\t\t\t\t<\/div>\n\t\t\t\t<\/div>\n\t\t\t\t<div class=\"elementor-element elementor-element-87b75e5 elementor-widget elementor-widget-image\" data-id=\"87b75e5\" data-element_type=\"widget\" data-settings=\"{&quot;wcf-image-animation&quot;:&quot;none&quot;,&quot;wcf-animation&quot;:&quot;none&quot;}\" data-widget_type=\"image.default\">\n\t\t\t\t<div class=\"elementor-widget-container\">\n\t\t\t\t\t\t\t\t\t\t\t\t\t\t\t<img decoding=\"async\" width=\"800\" height=\"477\" src=\"https:\/\/metiseducation.com\/wp-content\/uploads\/2025\/01\/Proyecto-Espanol1-1024x611.jpg\" class=\"attachment-large size-large wp-image-12185\" alt=\"\" srcset=\"https:\/\/metiseducation.com\/wp-content\/uploads\/2025\/01\/Proyecto-Espanol1-1024x611.jpg 1024w, https:\/\/metiseducation.com\/wp-content\/uploads\/2025\/01\/Proyecto-Espanol1-300x179.jpg 300w, https:\/\/metiseducation.com\/wp-content\/uploads\/2025\/01\/Proyecto-Espanol1-768x458.jpg 768w, https:\/\/metiseducation.com\/wp-content\/uploads\/2025\/01\/Proyecto-Espanol1-18x12.jpg 18w, https:\/\/metiseducation.com\/wp-content\/uploads\/2025\/01\/Proyecto-Espanol1.jpg 1280w\" sizes=\"(max-width: 800px) 100vw, 800px\" \/>\t\t\t\t\t\t\t\t\t\t\t\t\t\t\t<\/div>\n\t\t\t\t<\/div>\n\t\t\t\t\t<\/div>\n\t\t\t\t<\/div>\n\t\t<div class=\"elementor-element elementor-element-642b6a8 gradient-color e-flex e-con-boxed e-con e-parent\" data-id=\"642b6a8\" data-element_type=\"container\" data-settings=\"{&quot;wcf_enable_cursor_hover_effect_text&quot;:&quot;View&quot;,&quot;wcf-animation&quot;:&quot;none&quot;,&quot;wcf_pin_breakpoint&quot;:&quot;mobile&quot;}\">\n\t\t\t\t\t<div class=\"e-con-inner\">\n\t\t\t\t<div class=\"elementor-element elementor-element-5c048ab elementor-widget elementor-widget-spacer\" data-id=\"5c048ab\" data-element_type=\"widget\" data-settings=\"{&quot;wcf-animation&quot;:&quot;none&quot;}\" data-widget_type=\"spacer.default\">\n\t\t\t\t<div class=\"elementor-widget-container\">\n\t\t\t\t\t\t\t<div class=\"elementor-spacer\">\n\t\t\t<div class=\"elementor-spacer-inner\"><\/div>\n\t\t<\/div>\n\t\t\t\t\t\t<\/div>\n\t\t\t\t<\/div>\n\t\t\t\t\t<\/div>\n\t\t\t\t<\/div>\n\t\t<div class=\"elementor-element elementor-element-83de2dc gradient-color e-flex e-con-boxed e-con e-parent\" data-id=\"83de2dc\" data-element_type=\"container\" data-settings=\"{&quot;wcf_enable_cursor_hover_effect_text&quot;:&quot;View&quot;,&quot;wcf-animation&quot;:&quot;none&quot;,&quot;wcf_pin_breakpoint&quot;:&quot;mobile&quot;}\">\n\t\t\t\t\t<div class=\"e-con-inner\">\n\t\t\t\t<div class=\"elementor-element elementor-element-fa121a5 wcf-t-animation-none elementor-widget elementor-widget-heading\" data-id=\"fa121a5\" data-element_type=\"widget\" data-settings=\"{&quot;wcf_text_animation&quot;:&quot;none&quot;,&quot;wcf-animation&quot;:&quot;none&quot;}\" data-widget_type=\"heading.default\">\n\t\t\t\t<div class=\"elementor-widget-container\">\n\t\t\t\t\t<h2 class=\"elementor-heading-title elementor-size-default translation-block\">2025 Matr\u00edcula para m\u00e1s de 40 semanas:<br>  \n\ud83d\udfe1 40 semanas (37 semanas de curso + 3 semanas de vacaciones):  \nPrecio oficial: 5550\u20ac; Precio con Metis Education (descuento del 12%): 48xx\u20ac<br>  \n\ud83d\udfe1 42 semanas (39 semanas de curso + 3 semanas de vacaciones):  \nPrecio oficial: 5850\u20ac; Precio con Metis Education (descuento del 13%): 50xx\u20ac<br>  \n\ud83d\udfe1 45 semanas (41 semanas de curso + 4 semanas de vacaciones):  \nPrecio oficial: 6150\u20ac; Precio con Metis Education (descuento del 13%): 53xx\u20ac<br>  \n\ud83d\udfe1 48 semanas (44 semanas de curso + 4 semanas de vacaciones):  \nPrecio oficial: 6600\u20ac; Precio con Metis Education (descuento del 13%): 57xx\u20ac<br>  \n\ud83d\udfe1 50 semanas (46 semanas de curso + 4 semanas de vacaciones):  \nPrecio oficial: 6900\u20ac; Precio con Metis Education (descuento del 13%): 60xx\u20ac<br>  \n\ud83d\udfe1 52 semanas (48 semanas de curso + 4 semanas de vacaciones):  \nPrecio oficial: 7200\u20ac; Precio con Metis Education (descuento del 13%): 62xx\u20ac<\/h2>\t\t\t\t<\/div>\n\t\t\t\t<\/div>\n\t\t\t\t\t<\/div>\n\t\t\t\t<\/div>\n\t\t<div class=\"elementor-element elementor-element-745a492 gradient-color e-flex e-con-boxed e-con e-parent\" data-id=\"745a492\" data-element_type=\"container\" data-settings=\"{&quot;wcf_enable_cursor_hover_effect_text&quot;:&quot;View&quot;,&quot;wcf-animation&quot;:&quot;none&quot;,&quot;wcf_pin_breakpoint&quot;:&quot;mobile&quot;}\">\n\t\t\t\t\t<div class=\"e-con-inner\">\n\t\t\t\t<div class=\"elementor-element elementor-element-9574bb6 elementor-widget elementor-widget-spacer\" data-id=\"9574bb6\" data-element_type=\"widget\" data-settings=\"{&quot;wcf-animation&quot;:&quot;none&quot;}\" data-widget_type=\"spacer.default\">\n\t\t\t\t<div class=\"elementor-widget-container\">\n\t\t\t\t\t\t\t<div class=\"elementor-spacer\">\n\t\t\t<div class=\"elementor-spacer-inner\"><\/div>\n\t\t<\/div>\n\t\t\t\t\t\t<\/div>\n\t\t\t\t<\/div>\n\t\t\t\t\t<\/div>\n\t\t\t\t<\/div>\n\t\t<div class=\"elementor-element elementor-element-82a3d5f gradient-color e-flex e-con-boxed e-con e-parent\" data-id=\"82a3d5f\" data-element_type=\"container\" data-settings=\"{&quot;wcf_enable_cursor_hover_effect_text&quot;:&quot;View&quot;,&quot;wcf-animation&quot;:&quot;none&quot;,&quot;wcf_pin_breakpoint&quot;:&quot;mobile&quot;}\">\n\t\t\t\t\t<div class=\"e-con-inner\">\n\t\t\t\t<div class=\"elementor-element elementor-element-8e3d5ae elementor-widget elementor-widget-google_maps\" data-id=\"8e3d5ae\" data-element_type=\"widget\" data-settings=\"{&quot;wcf-animation&quot;:&quot;none&quot;}\" data-widget_type=\"google_maps.default\">\n\t\t\t\t<div class=\"elementor-widget-container\">\n\t\t\t\t\t\t\t<div class=\"elementor-custom-embed\">\n\t\t\t<iframe loading=\"lazy\"\n\t\t\t\t\tsrc=\"https:\/\/maps.google.com\/maps?q=%E4%BC%A6%E6%95%A6%E7%9C%BC%EF%BC%8C%E4%BC%A6%E6%95%A6%EF%BC%8C%E8%8B%B1%E5%9B%BD&#038;t=m&#038;z=10&#038;output=embed&#038;iwloc=near\"\n\t\t\t\t\ttitle=\"London Eye, Londres, Reino Unido\"\n\t\t\t\t\taria-label=\"London Eye, Londres, Reino Unido\"\n\t\t\t><\/iframe>\n\t\t<\/div>\n\t\t\t\t\t\t<\/div>\n\t\t\t\t<\/div>\n\t\t\t\t\t<\/div>\n\t\t\t\t<\/div>\n\t\t<div class=\"elementor-element elementor-element-8d7c73f gradient-color e-flex e-con-boxed e-con e-parent\" data-id=\"8d7c73f\" data-element_type=\"container\" data-settings=\"{&quot;wcf_enable_cursor_hover_effect_text&quot;:&quot;View&quot;,&quot;wcf-animation&quot;:&quot;none&quot;,&quot;wcf_pin_breakpoint&quot;:&quot;mobile&quot;}\">\n\t\t\t\t\t<div class=\"e-con-inner\">\n\t\t\t\t<div class=\"elementor-element elementor-element-a7e4c37 elementor-widget elementor-widget-spacer\" data-id=\"a7e4c37\" data-element_type=\"widget\" data-settings=\"{&quot;wcf-animation&quot;:&quot;none&quot;}\" data-widget_type=\"spacer.default\">\n\t\t\t\t<div class=\"elementor-widget-container\">\n\t\t\t\t\t\t\t<div class=\"elementor-spacer\">\n\t\t\t<div class=\"elementor-spacer-inner\"><\/div>\n\t\t<\/div>\n\t\t\t\t\t\t<\/div>\n\t\t\t\t<\/div>\n\t\t\t\t\t<\/div>\n\t\t\t\t<\/div>\n\t\t\t\t<\/div>","protected":false},"excerpt":{"rendered":"<p>Proyecto Espa\u00f1ol Proyecto Espa\u00f1ol\u4e13\u6ce8\u4e8e\u897f\u73ed\u7259\u8bed\u6559\u5b66\uff0c\u5728\u5df4\u585e\u7f57\u90a3\u3001\u963f\u5229\u574e\u7279\u548c\u683c [&hellip;]<\/p>","protected":false},"author":9,"featured_media":0,"parent":11580,"menu_order":0,"comment_status":"closed","ping_status":"closed","template":"elementor_header_footer","meta":{"footnotes":""},"categories":[54,56],"tags":[],"class_list":["post-11830","page","type-page","status-publish","hentry","category-54","category-56"],"_links":{"self":[{"href":"https:\/\/metiseducation.com\/es\/wp-json\/wp\/v2\/pages\/11830","targetHints":{"allow":["GET"]}}],"collection":[{"href":"https:\/\/metiseducation.com\/es\/wp-json\/wp\/v2\/pages"}],"about":[{"href":"https:\/\/metiseducation.com\/es\/wp-json\/wp\/v2\/types\/page"}],"author":[{"embeddable":true,"href":"https:\/\/metiseducation.com\/es\/wp-json\/wp\/v2\/users\/9"}],"replies":[{"embeddable":true,"href":"https:\/\/metiseducation.com\/es\/wp-json\/wp\/v2\/comments?post=11830"}],"version-history":[{"count":7,"href":"https:\/\/metiseducation.com\/es\/wp-json\/wp\/v2\/pages\/11830\/revisions"}],"predecessor-version":[{"id":12258,"href":"https:\/\/metiseducation.com\/es\/wp-json\/wp\/v2\/pages\/11830\/revisions\/12258"}],"up":[{"embeddable":true,"href":"https:\/\/metiseducation.com\/es\/wp-json\/wp\/v2\/pages\/11580"}],"wp:attachment":[{"href":"https:\/\/metiseducation.com\/es\/wp-json\/wp\/v2\/media?parent=11830"}],"wp:term":[{"taxonomy":"category","embeddable":true,"href":"https:\/\/metiseducation.com\/es\/wp-json\/wp\/v2\/categories?post=11830"},{"taxonomy":"post_tag","embeddable":true,"href":"https:\/\/metiseducation.com\/es\/wp-json\/wp\/v2\/tags?post=11830"}],"curies":[{"name":"wp","href":"https:\/\/api.w.org\/{rel}","templated":true}]}}