{"id":6073,"date":"2024-06-12T04:29:32","date_gmt":"2024-06-12T04:29:32","guid":{"rendered":"https:\/\/crowdytheme.com\/wp\/arolax\/inner-pages\/?page_id=6073"},"modified":"2025-01-24T17:47:58","modified_gmt":"2025-01-24T17:47:58","slug":"contact-us-dark","status":"publish","type":"page","link":"https:\/\/metiseducation.com\/es\/contact-us-dark\/","title":{"rendered":"CONTACTO"},"content":{"rendered":"<div data-elementor-type=\"wp-page\" data-elementor-id=\"6073\" class=\"elementor elementor-6073\" data-elementor-post-type=\"page\">\n\t\t\t\t<div class=\"elementor-element elementor-element-163527d e-flex e-con-boxed e-con e-parent\" data-id=\"163527d\" data-element_type=\"container\" data-settings=\"{&quot;wcf_enable_cursor_hover_effect_text&quot;:&quot;View&quot;,&quot;background_background&quot;:&quot;classic&quot;,&quot;wcf-animation&quot;:&quot;none&quot;,&quot;wcf_pin_breakpoint&quot;:&quot;mobile&quot;}\">\n\t\t\t\t\t<div class=\"e-con-inner\">\n\t\t<div class=\"elementor-element elementor-element-86b2b03 e-con-full e-flex e-con e-child\" data-id=\"86b2b03\" data-element_type=\"container\" data-settings=\"{&quot;wcf_enable_cursor_hover_effect_text&quot;:&quot;View&quot;,&quot;wcf-animation&quot;:&quot;none&quot;,&quot;wcf_pin_breakpoint&quot;:&quot;mobile&quot;}\">\n\t\t\t\t<div class=\"elementor-element elementor-element-126144e elementor-widget__width-initial elementor-widget-laptop__width-inherit wcf-t-animation-none elementor-widget elementor-widget-wcf--title\" data-id=\"126144e\" data-element_type=\"widget\" data-settings=\"{&quot;wcf-animation&quot;:&quot;fade&quot;,&quot;fade-from&quot;:&quot;bottom&quot;,&quot;data-duration&quot;:0.75,&quot;fade-offset&quot;:40,&quot;wcf_text_animation&quot;:&quot;none&quot;,&quot;delay&quot;:0.15,&quot;ease&quot;:&quot;power2.out&quot;}\" data-widget_type=\"wcf--title.default\">\n\t\t\t\t<div class=\"elementor-widget-container\">\n\t\t\t\t\t<h2 class=\"wcf--title\">Metis Education siempre se dedica a ofrecerle servicios eficientes y profesionales.<\/h2>\t\t\t\t<\/div>\n\t\t\t\t<\/div>\n\t\t\t\t<\/div>\n\t\t<div class=\"elementor-element elementor-element-dd73529 e-con-full e-flex e-con e-child\" data-id=\"dd73529\" data-element_type=\"container\" data-settings=\"{&quot;wcf_enable_cursor_hover_effect_text&quot;:&quot;View&quot;,&quot;wcf-animation&quot;:&quot;none&quot;,&quot;wcf_pin_breakpoint&quot;:&quot;mobile&quot;}\">\n\t\t<div class=\"elementor-element elementor-element-05048cb e-con-full e-flex e-con e-child\" data-id=\"05048cb\" data-element_type=\"container\" data-settings=\"{&quot;wcf_enable_cursor_hover_effect_text&quot;:&quot;View&quot;,&quot;wcf-animation&quot;:&quot;none&quot;,&quot;wcf_pin_breakpoint&quot;:&quot;mobile&quot;}\">\n\t\t<div class=\"elementor-element elementor-element-a90fe85 e-con-full e-flex e-con e-child\" data-id=\"a90fe85\" data-element_type=\"container\" data-settings=\"{&quot;wcf_enable_cursor_hover_effect_text&quot;:&quot;View&quot;,&quot;wcf-animation&quot;:&quot;none&quot;,&quot;wcf_pin_breakpoint&quot;:&quot;mobile&quot;}\">\n\t\t\t\t<div class=\"elementor-element elementor-element-d7de604 elementor-widget elementor-widget-wcf--image\" data-id=\"d7de604\" data-element_type=\"widget\" data-settings=\"{&quot;wcf-animation&quot;:&quot;fade&quot;,&quot;data-duration&quot;:0.75,&quot;fade-offset&quot;:40,&quot;wcf-image-animation&quot;:&quot;none&quot;,&quot;delay&quot;:0.15,&quot;fade-from&quot;:&quot;top&quot;,&quot;ease&quot;:&quot;power2.out&quot;}\" data-widget_type=\"wcf--image.default\">\n\t\t\t\t<div class=\"elementor-widget-container\">\n\t\t\t\t\t\t\t<div class=\"wcf--image\">\r\n\t\t\t\t\t\t\t<img fetchpriority=\"high\" decoding=\"async\" width=\"1080\" height=\"1620\" src=\"https:\/\/metiseducation.com\/wp-content\/uploads\/2025\/01\/5O0A2801-1-rotated.jpg\" class=\"attachment-full size-full wp-image-11352\" alt=\"\" srcset=\"https:\/\/metiseducation.com\/wp-content\/uploads\/2025\/01\/5O0A2801-1-rotated.jpg 1080w, https:\/\/metiseducation.com\/wp-content\/uploads\/2025\/01\/5O0A2801-1-200x300.jpg 200w, https:\/\/metiseducation.com\/wp-content\/uploads\/2025\/01\/5O0A2801-1-683x1024.jpg 683w, https:\/\/metiseducation.com\/wp-content\/uploads\/2025\/01\/5O0A2801-1-768x1152.jpg 768w, https:\/\/metiseducation.com\/wp-content\/uploads\/2025\/01\/5O0A2801-1-1024x1536.jpg 1024w, https:\/\/metiseducation.com\/wp-content\/uploads\/2025\/01\/5O0A2801-1-350x525.jpg 350w\" sizes=\"(max-width: 1080px) 100vw, 1080px\" \/>\t\t\t\t\t\t<\/div>\r\n\t\t\t\t\t\t<\/div>\n\t\t\t\t<\/div>\n\t\t\t\t<\/div>\n\t\t<div class=\"elementor-element elementor-element-c6da28d e-con-full e-flex e-con e-child\" data-id=\"c6da28d\" data-element_type=\"container\" data-settings=\"{&quot;wcf_enable_cursor_hover_effect_text&quot;:&quot;View&quot;,&quot;wcf-animation&quot;:&quot;none&quot;,&quot;wcf_pin_breakpoint&quot;:&quot;mobile&quot;}\">\n\t\t\t\t<div class=\"elementor-element elementor-element-fd4f834 elementor-widget elementor-widget-wcf--image\" data-id=\"fd4f834\" data-element_type=\"widget\" data-settings=\"{&quot;wcf-animation&quot;:&quot;fade&quot;,&quot;fade-from&quot;:&quot;bottom&quot;,&quot;data-duration&quot;:0.75,&quot;fade-offset&quot;:40,&quot;wcf-image-animation&quot;:&quot;none&quot;,&quot;delay&quot;:0.15,&quot;ease&quot;:&quot;power2.out&quot;}\" data-widget_type=\"wcf--image.default\">\n\t\t\t\t<div class=\"elementor-widget-container\">\n\t\t\t\t\t\t\t<div class=\"wcf--image\">\r\n\t\t\t\t\t\t\t<img decoding=\"async\" width=\"1620\" height=\"1080\" src=\"https:\/\/metiseducation.com\/wp-content\/uploads\/2025\/01\/5O0A2829.jpg\" class=\"attachment-full size-full wp-image-9650\" alt=\"\" srcset=\"https:\/\/metiseducation.com\/wp-content\/uploads\/2025\/01\/5O0A2829.jpg 1620w, https:\/\/metiseducation.com\/wp-content\/uploads\/2025\/01\/5O0A2829-300x200.jpg 300w, https:\/\/metiseducation.com\/wp-content\/uploads\/2025\/01\/5O0A2829-1024x683.jpg 1024w, https:\/\/metiseducation.com\/wp-content\/uploads\/2025\/01\/5O0A2829-768x512.jpg 768w, https:\/\/metiseducation.com\/wp-content\/uploads\/2025\/01\/5O0A2829-1536x1024.jpg 1536w, https:\/\/metiseducation.com\/wp-content\/uploads\/2025\/01\/5O0A2829-350x233.jpg 350w\" sizes=\"(max-width: 1620px) 100vw, 1620px\" \/>\t\t\t\t\t\t<\/div>\r\n\t\t\t\t\t\t<\/div>\n\t\t\t\t<\/div>\n\t\t\t\t<div class=\"elementor-element elementor-element-7a58664 elementor-widget elementor-widget-wcf--image\" data-id=\"7a58664\" data-element_type=\"widget\" data-settings=\"{&quot;wcf-animation&quot;:&quot;fade&quot;,&quot;fade-from&quot;:&quot;bottom&quot;,&quot;data-duration&quot;:0.75,&quot;fade-offset&quot;:40,&quot;wcf-image-animation&quot;:&quot;none&quot;,&quot;delay&quot;:0.15,&quot;ease&quot;:&quot;power2.out&quot;}\" data-widget_type=\"wcf--image.default\">\n\t\t\t\t<div class=\"elementor-widget-container\">\n\t\t\t\t\t\t\t<div class=\"wcf--image\">\r\n\t\t\t\t\t\t\t<img decoding=\"async\" width=\"1620\" height=\"1080\" src=\"https:\/\/metiseducation.com\/wp-content\/uploads\/2025\/01\/5O0A2818-1.jpg\" class=\"attachment-full size-full wp-image-11353\" alt=\"\" srcset=\"https:\/\/metiseducation.com\/wp-content\/uploads\/2025\/01\/5O0A2818-1.jpg 1620w, https:\/\/metiseducation.com\/wp-content\/uploads\/2025\/01\/5O0A2818-1-300x200.jpg 300w, https:\/\/metiseducation.com\/wp-content\/uploads\/2025\/01\/5O0A2818-1-1024x683.jpg 1024w, https:\/\/metiseducation.com\/wp-content\/uploads\/2025\/01\/5O0A2818-1-768x512.jpg 768w, https:\/\/metiseducation.com\/wp-content\/uploads\/2025\/01\/5O0A2818-1-1536x1024.jpg 1536w, https:\/\/metiseducation.com\/wp-content\/uploads\/2025\/01\/5O0A2818-1-350x233.jpg 350w\" sizes=\"(max-width: 1620px) 100vw, 1620px\" \/>\t\t\t\t\t\t<\/div>\r\n\t\t\t\t\t\t<\/div>\n\t\t\t\t<\/div>\n\t\t\t\t<\/div>\n\t\t\t\t<\/div>\n\t\t\t\t<\/div>\n\t\t\t\t\t<\/div>\n\t\t\t\t<\/div>\n\t\t<div class=\"elementor-element elementor-element-bcf9d45 e-flex e-con-boxed e-con e-parent\" data-id=\"bcf9d45\" data-element_type=\"container\" data-settings=\"{&quot;wcf_enable_cursor_hover_effect_text&quot;:&quot;View&quot;,&quot;wcf-animation&quot;:&quot;none&quot;,&quot;wcf_pin_breakpoint&quot;:&quot;mobile&quot;}\">\n\t\t\t\t\t<div class=\"e-con-inner\">\n\t\t\t\t<div class=\"elementor-element elementor-element-1874e9c elementor-widget elementor-widget-wcf--image\" data-id=\"1874e9c\" data-element_type=\"widget\" data-settings=\"{&quot;wcf-animation&quot;:&quot;fade&quot;,&quot;fade-from&quot;:&quot;bottom&quot;,&quot;data-duration&quot;:0.75,&quot;fade-offset&quot;:40,&quot;wcf-image-animation&quot;:&quot;none&quot;,&quot;delay&quot;:0.15,&quot;on-scroll&quot;:1,&quot;ease&quot;:&quot;power2.out&quot;}\" data-widget_type=\"wcf--image.default\">\n\t\t\t\t<div class=\"elementor-widget-container\">\n\t\t\t\t\t\t\t<div class=\"wcf--image\">\r\n\t\t\t\t\t\t\t<img loading=\"lazy\" decoding=\"async\" width=\"23623\" height=\"5906\" src=\"https:\/\/metiseducation.com\/wp-content\/uploads\/2025\/01\/\u6a2a\u5e45.png\" class=\"attachment-full size-full wp-image-11260\" alt=\"\" srcset=\"https:\/\/metiseducation.com\/wp-content\/uploads\/2025\/01\/\u6a2a\u5e45.png 23623w, https:\/\/metiseducation.com\/wp-content\/uploads\/2025\/01\/\u6a2a\u5e45-300x75.png 300w, https:\/\/metiseducation.com\/wp-content\/uploads\/2025\/01\/\u6a2a\u5e45-1024x256.png 1024w, https:\/\/metiseducation.com\/wp-content\/uploads\/2025\/01\/\u6a2a\u5e45-768x192.png 768w, https:\/\/metiseducation.com\/wp-content\/uploads\/2025\/01\/\u6a2a\u5e45-1536x384.png 1536w, https:\/\/metiseducation.com\/wp-content\/uploads\/2025\/01\/\u6a2a\u5e45-2048x512.png 2048w, https:\/\/metiseducation.com\/wp-content\/uploads\/2025\/01\/\u6a2a\u5e45-350x88.png 350w\" sizes=\"(max-width: 23623px) 100vw, 23623px\" \/>\t\t\t\t\t\t<\/div>\r\n\t\t\t\t\t\t<\/div>\n\t\t\t\t<\/div>\n\t\t\t\t\t<\/div>\n\t\t\t\t<\/div>\n\t\t<div class=\"elementor-element elementor-element-a8f0b09 e-flex e-con-boxed e-con e-parent\" data-id=\"a8f0b09\" data-element_type=\"container\" data-settings=\"{&quot;wcf_enable_cursor_hover_effect_text&quot;:&quot;View&quot;,&quot;background_background&quot;:&quot;classic&quot;,&quot;wcf-animation&quot;:&quot;none&quot;,&quot;wcf_pin_breakpoint&quot;:&quot;mobile&quot;}\">\n\t\t\t\t\t<div class=\"e-con-inner\">\n\t\t<div class=\"elementor-element elementor-element-e0085e8 e-con-full e-flex e-con e-child\" data-id=\"e0085e8\" data-element_type=\"container\" data-settings=\"{&quot;wcf_enable_cursor_hover_effect_text&quot;:&quot;View&quot;,&quot;wcf-animation&quot;:&quot;none&quot;,&quot;wcf_pin_breakpoint&quot;:&quot;mobile&quot;}\">\n\t\t\t\t<\/div>\n\t\t<div class=\"elementor-element elementor-element-c734d91 e-con-full e-flex e-con e-child\" data-id=\"c734d91\" data-element_type=\"container\" data-settings=\"{&quot;wcf_enable_cursor_hover_effect_text&quot;:&quot;View&quot;,&quot;wcf-animation&quot;:&quot;none&quot;,&quot;wcf_pin_breakpoint&quot;:&quot;mobile&quot;}\">\n\t\t\t\t<\/div>\n\t\t<div class=\"elementor-element elementor-element-9ab2bd7 e-con-full e-flex e-con e-child\" data-id=\"9ab2bd7\" data-element_type=\"container\" data-settings=\"{&quot;wcf_enable_cursor_hover_effect_text&quot;:&quot;View&quot;,&quot;wcf-animation&quot;:&quot;fade&quot;,&quot;fade-from&quot;:&quot;bottom&quot;,&quot;data-duration&quot;:0.75,&quot;fade-offset&quot;:40,&quot;delay&quot;:0.15,&quot;on-scroll&quot;:1,&quot;ease&quot;:&quot;power2.out&quot;,&quot;wcf_pin_breakpoint&quot;:&quot;mobile&quot;}\">\n\t\t\t\t<div class=\"elementor-element elementor-element-85bf875 elementor-widget__width-initial wcf-t-animation-none elementor-widget elementor-widget-wcf--title\" data-id=\"85bf875\" data-element_type=\"widget\" data-settings=\"{&quot;wcf_text_animation&quot;:&quot;none&quot;,&quot;wcf-animation&quot;:&quot;none&quot;}\" data-widget_type=\"wcf--title.default\">\n\t\t\t\t<div class=\"elementor-widget-container\">\n\t\t\t\t\t<h2 class=\"wcf--title\">Si tiene alguna pregunta o necesita m\u00e1s asesoramiento, no dude en ponerse en contacto con nosotros a trav\u00e9s de los datos que figuran a continuaci\u00f3n.<\/h2>\t\t\t\t<\/div>\n\t\t\t\t<\/div>\n\t\t\t\t<div class=\"elementor-element elementor-element-f6a9737 elementor-widget elementor-widget-wcf--button\" data-id=\"f6a9737\" data-element_type=\"widget\" data-settings=\"{&quot;wcf-animation&quot;:&quot;none&quot;}\" data-widget_type=\"wcf--button.default\">\n\t\t\t\t<div class=\"elementor-widget-container\">\n\t\t\t\t\t\t\t<div class=\"wcf__btn\">\r\n\t\t\t\t\t\t\t<a href=\"tel:+34%20932434141\" class=\"wcf-btn-underline\">\r\n\t\t\t\t\t\t\t\t\t\t+34 932434141\t\t\t\t<\/a>\r\n\t\t\t\t\t\t<\/div>\r\n\t\t\t\t\t\t<\/div>\n\t\t\t\t<\/div>\n\t\t\t\t<div class=\"elementor-element elementor-element-38a34de elementor-widget elementor-widget-wcf--button\" data-id=\"38a34de\" data-element_type=\"widget\" data-settings=\"{&quot;wcf-animation&quot;:&quot;none&quot;}\" data-widget_type=\"wcf--button.default\">\n\t\t\t\t<div class=\"elementor-widget-container\">\n\t\t\t\t\t\t\t<div class=\"wcf__btn\">\r\n\t\t\t\t\t\t\t<a href=\"tel:%20metis@mtseu.com\" class=\"wcf-btn-underline\">\r\n\t\t\t\t\t\t\t\t\t\tmetis@mtseu.com\t\t\t\t<\/a>\r\n\t\t\t\t\t\t<\/div>\r\n\t\t\t\t\t\t<\/div>\n\t\t\t\t<\/div>\n\t\t\t\t<div class=\"elementor-element elementor-element-9739756 elementor-widget__width-initial wcf-t-animation-none elementor-widget elementor-widget-wcf--title\" data-id=\"9739756\" data-element_type=\"widget\" data-settings=\"{&quot;wcf_text_animation&quot;:&quot;none&quot;,&quot;wcf-animation&quot;:&quot;none&quot;}\" data-widget_type=\"wcf--title.default\">\n\t\t\t\t<div class=\"elementor-widget-container\">\n\t\t\t\t\t<h2 class=\"wcf--title\">Carrer d'Al\u00ed Bei, 25, 1-2,08010 Barcelona<\/h2>\t\t\t\t<\/div>\n\t\t\t\t<\/div>\n\t\t\t\t<div class=\"elementor-element elementor-element-7c5aee3 elementor-widget elementor-widget-google_maps\" data-id=\"7c5aee3\" data-element_type=\"widget\" data-settings=\"{&quot;wcf-animation&quot;:&quot;none&quot;}\" data-widget_type=\"google_maps.default\">\n\t\t\t\t<div class=\"elementor-widget-container\">\n\t\t\t\t\t\t\t<div class=\"elementor-custom-embed\">\n\t\t\t<iframe loading=\"lazy\"\n\t\t\t\t\tsrc=\"https:\/\/maps.google.com\/maps?q=Carrer%20d%27Al%C3%AD%20Bei%2C%2025%2C%201-2%2C08010%20Barcelona&#038;t=m&#038;z=13&#038;output=embed&#038;iwloc=near\"\n\t\t\t\t\ttitle=\"Carrer d&#039;Al\u00ed Bei, 25, 1-2,08010 Barcelona\"\n\t\t\t\t\taria-label=\"Carrer d&#039;Al\u00ed Bei, 25, 1-2,08010 Barcelona\"\n\t\t\t><\/iframe>\n\t\t<\/div>\n\t\t\t\t\t\t<\/div>\n\t\t\t\t<\/div>\n\t\t\t\t<\/div>\n\t\t\t\t<div class=\"elementor-element elementor-element-36779dc elementor-widget elementor-widget-spacer\" data-id=\"36779dc\" data-element_type=\"widget\" data-settings=\"{&quot;wcf-animation&quot;:&quot;none&quot;}\" data-widget_type=\"spacer.default\">\n\t\t\t\t<div class=\"elementor-widget-container\">\n\t\t\t\t\t\t\t<div class=\"elementor-spacer\">\n\t\t\t<div class=\"elementor-spacer-inner\"><\/div>\n\t\t<\/div>\n\t\t\t\t\t\t<\/div>\n\t\t\t\t<\/div>\n\t\t<div class=\"elementor-element elementor-element-eb9d076 e-con-full e-flex e-con e-child\" data-id=\"eb9d076\" data-element_type=\"container\" data-settings=\"{&quot;wcf_enable_cursor_hover_effect_text&quot;:&quot;View&quot;,&quot;wcf-animation&quot;:&quot;none&quot;,&quot;wcf_pin_breakpoint&quot;:&quot;mobile&quot;}\">\n\t\t\t\t<div class=\"elementor-element elementor-element-2d7bb90 icon-position-after elementor-widget elementor-widget-wcf--contact-form-7\" data-id=\"2d7bb90\" data-element_type=\"widget\" data-settings=\"{&quot;fade-from&quot;:&quot;bottom&quot;,&quot;data-duration&quot;:0.75,&quot;fade_animation_breakpoint&quot;:&quot;mobile&quot;,&quot;wcf-animation&quot;:&quot;fade&quot;,&quot;on-scroll&quot;:&quot;1&quot;,&quot;fade-offset&quot;:40,&quot;delay&quot;:0.15,&quot;ease&quot;:&quot;power2.out&quot;,&quot;fade_breakpoint_min_max&quot;:&quot;min&quot;}\" data-widget_type=\"wcf--contact-form-7.default\">\n\t\t\t\t<div class=\"elementor-widget-container\">\n\t\t\t\t\t        <style>\r\n            .wcf--form-wrapper form label {\r\n                display: block;\r\n            }\r\n        <\/style>\r\n        <div class=\"wcf--form-wrapper\" btn-hover=\"btn-hover-cropping\" >\r\n\t\t\t\n<div class=\"wpcf7 no-js\" id=\"wpcf7-f6828-o1\" lang=\"en-US\" dir=\"ltr\" data-wpcf7-id=\"6828\">\n<div class=\"screen-reader-response\"><p role=\"status\" aria-live=\"polite\" aria-atomic=\"true\"><\/p> <ul><\/ul><\/div>\n<form action=\"\/es\/wp-json\/wp\/v2\/pages\/6073#wpcf7-f6828-o1\" method=\"post\" class=\"wpcf7-form init\" aria-label=\"Contact form\" novalidate=\"novalidate\" data-status=\"init\" data-trp-original-action=\"\/es\/wp-json\/wp\/v2\/pages\/6073#wpcf7-f6828-o1\">\n<fieldset class=\"hidden-fields-container\"><input type=\"hidden\" name=\"_wpcf7\" value=\"6828\" \/><input type=\"hidden\" name=\"_wpcf7_version\" value=\"6.1.4\" \/><input type=\"hidden\" name=\"_wpcf7_locale\" value=\"en_US\" \/><input type=\"hidden\" name=\"_wpcf7_unit_tag\" value=\"wpcf7-f6828-o1\" \/><input type=\"hidden\" name=\"_wpcf7_container_post\" value=\"0\" \/><input type=\"hidden\" name=\"_wpcf7_posted_data_hash\" value=\"\" \/><input type=\"hidden\" name=\"_wpcf7_recaptcha_response\" value=\"\" \/>\n<\/fieldset>\n<div class=\"row\">\n\t<div class=\"col-lg-6\">\n\t\t<p><span class=\"wpcf7-form-control-wrap\" data-name=\"YourName\"><input size=\"40\" maxlength=\"400\" class=\"wpcf7-form-control wpcf7-text wpcf7-validates-as-required\" aria-required=\"true\" aria-invalid=\"false\" placeholder=\"Nombre\" value=\"\" type=\"text\" name=\"YourName\" \/><\/span>\n\t\t<\/p>\n\t<\/div>\n\t<div class=\"col-lg-6\">\n\t\t<p><span class=\"wpcf7-form-control-wrap\" data-name=\"yourEmail\"><input size=\"40\" maxlength=\"400\" class=\"wpcf7-form-control wpcf7-email wpcf7-validates-as-required wpcf7-text wpcf7-validates-as-email\" aria-required=\"true\" aria-invalid=\"false\" placeholder=\"Correo electr\u00f3nico\" value=\"\" type=\"email\" name=\"yourEmail\" \/><\/span>\n\t\t<\/p>\n\t<\/div>\n\t<div class=\"col-lg-6\">\n\t\t<p><span class=\"wpcf7-form-control-wrap\" data-name=\"Phone\"><input size=\"40\" maxlength=\"400\" class=\"wpcf7-form-control wpcf7-tel wpcf7-validates-as-required wpcf7-text wpcf7-validates-as-tel\" aria-required=\"true\" aria-invalid=\"false\" placeholder=\"tel\u00e9fonos\" value=\"\" type=\"tel\" name=\"Phone\" \/><\/span>\n\t\t<\/p>\n\t<\/div>\n\t<div class=\"col-lg-6\">\n\t\t<p><span class=\"wpcf7-form-control-wrap\" data-name=\"subject\"><input size=\"40\" maxlength=\"400\" class=\"wpcf7-form-control wpcf7-text\" aria-invalid=\"false\" placeholder=\"Contenido\" value=\"\" type=\"text\" name=\"subject\" \/><\/span>\n\t\t<\/p>\n\t<\/div>\n<\/div>\n<div class=\"col-lg-12\">\n\t<p><span class=\"wpcf7-form-control-wrap\" data-name=\"message\"><textarea cols=\"40\" rows=\"10\" maxlength=\"2000\" class=\"wpcf7-form-control wpcf7-textarea wpcf7-validates-as-required\" aria-required=\"true\" aria-invalid=\"false\" placeholder=\"Informaci\u00f3n*\" name=\"message\"><\/textarea><\/span>\n\t<\/p>\n<\/div>\n<div class=\"\">\n\t<p><input class=\"wpcf7-form-control wpcf7-submit has-spinner\" type=\"submit\" value=\"mensaje de texto\" \/>\n\t<\/p>\n<\/div><div class=\"wpcf7-response-output\" aria-hidden=\"true\"><\/div>\n<input type=\"hidden\" name=\"trp-form-language\" value=\"es\"\/><\/form>\n<\/div>\n            <div class=\"btn-icon elementor-screen-only\">\r\n\t\t\t\t            <\/div>\r\n        <\/div>\r\n\r\n\t\t\t\t\t\t<\/div>\n\t\t\t\t<\/div>\n\t\t\t\t<\/div>\n\t\t\t\t\t<\/div>\n\t\t\t\t<\/div>\n\t\t\t\t<\/div>","protected":false},"excerpt":{"rendered":"<p>\u58a8\u63d0\u65af\u6559\u80b2\u59cb\u7ec8\u81f4\u529b\u4e8e\u4e3a\u60a8\u63d0\u4f9b\u9ad8\u6548\u3001\u4e13\u4e1a\u7684\u670d\u52a1\u3002 \u5982\u60a8\u6709\u4efb\u4f55\u7591\u95ee\u6216\u9700\u8981\u8fdb\u4e00\u6b65\u54a8\u8be2\uff0c\u6b22\u8fce\u901a\u8fc7\u4ee5\u4e0b\u8054\u7cfb\u65b9\u5f0f\u4e0e\u6211\u4eec\u53d6\u5f97 [&hellip;]<\/p>","protected":false},"author":1,"featured_media":0,"parent":0,"menu_order":0,"comment_status":"closed","ping_status":"closed","template":"elementor_header_footer","meta":{"footnotes":""},"class_list":["post-6073","page","type-page","status-publish","hentry"],"_links":{"self":[{"href":"https:\/\/metiseducation.com\/es\/wp-json\/wp\/v2\/pages\/6073","targetHints":{"allow":["GET"]}}],"collection":[{"href":"https:\/\/metiseducation.com\/es\/wp-json\/wp\/v2\/pages"}],"about":[{"href":"https:\/\/metiseducation.com\/es\/wp-json\/wp\/v2\/types\/page"}],"author":[{"embeddable":true,"href":"https:\/\/metiseducation.com\/es\/wp-json\/wp\/v2\/users\/1"}],"replies":[{"embeddable":true,"href":"https:\/\/metiseducation.com\/es\/wp-json\/wp\/v2\/comments?post=6073"}],"version-history":[{"count":22,"href":"https:\/\/metiseducation.com\/es\/wp-json\/wp\/v2\/pages\/6073\/revisions"}],"predecessor-version":[{"id":11414,"href":"https:\/\/metiseducation.com\/es\/wp-json\/wp\/v2\/pages\/6073\/revisions\/11414"}],"wp:attachment":[{"href":"https:\/\/metiseducation.com\/es\/wp-json\/wp\/v2\/media?parent=6073"}],"curies":[{"name":"wp","href":"https:\/\/api.w.org\/{rel}","templated":true}]}}